 {"id":37366,"date":"2022-04-14T11:24:46","date_gmt":"2022-04-14T09:24:46","guid":{"rendered":"https:\/\/www.viena.es\/?page_id=37366"},"modified":"2022-05-19T15:36:15","modified_gmt":"2022-05-19T13:36:15","slug":"politica-de-cookies","status":"publish","type":"page","link":"https:\/\/www.viena.es\/es\/politica-de-cookies\/","title":{"rendered":"Pol\u00edtica de cookies"},"content":{"rendered":"\t\t<div data-elementor-type=\"wp-page\" data-elementor-id=\"37366\" class=\"elementor elementor-37366\">\n\t\t\t\t\t\t<section class=\"elementor-section elementor-top-section elementor-element elementor-element-52822be elementor-section-boxed elementor-section-height-default elementor-section-height-default\" data-id=\"52822be\" data-element_type=\"section\" data-e-type=\"section\">\n\t\t\t\t\t\t<div class=\"elementor-container elementor-column-gap-default\">\n\t\t\t\t\t<div class=\"elementor-column elementor-col-100 elementor-top-column elementor-element elementor-element-182098d\" data-id=\"182098d\" data-element_type=\"column\" data-e-type=\"column\">\n\t\t\t<div class=\"elementor-widget-wrap elementor-element-populated\">\n\t\t\t\t\t\t<div class=\"elementor-element elementor-element-1db398a elementor-widget elementor-widget-text-editor\" data-id=\"1db398a\" data-element_type=\"widget\" data-e-type=\"widget\" data-widget_type=\"text-editor.default\">\n\t\t\t\t<div class=\"elementor-widget-container\">\n\t\t\t\t\t\t\t\t\t<h1>POL\u00cdTICA DE USO DE COOKIES<\/h1><p>Establiments Viena, S.A., en adelante \u201cViena\u201d, ha desarrollado esta pol\u00edtica para informarte de qu\u00e9 es una cookie y para qu\u00e9 sirve, qu\u00e9 cookies usamos en esta p\u00e1gina web (la \u201cWeb\u201d) y explicarte c\u00f3mo configurarlas seg\u00fan tus intereses, tal y como exige el art\u00edculo 22.1 de la Ley 34\/2002, de 11 de julio de Servicios de la Sociedad de Informaci\u00f3n y Comercio Electr\u00f3nico (\u201cLSSI\u201d).<\/p><p>Nuestra pol\u00edtica estar\u00e1 a tu disposici\u00f3n en todo momento en la parte inferior de nuestra Web en el enlace &#8220;Pol\u00edtica de cookies&#8221;.<\/p><h2>\u00a0<\/h2><h2>\u00bfQu\u00e9 son las cookies?<\/h2><p>Una cookie es un peque\u00f1o archivo de texto que un sitio web almacena en el navegador del usuario. Las cookies facilitan el uso y la navegaci\u00f3n por una p\u00e1gina web y son esenciales para el funcionamiento de internet, aportando innumerables ventajas en la prestaci\u00f3n de servicios interactivos.<\/p><p>En funci\u00f3n de su duraci\u00f3n, distinguimos entre cookies de \u201csesi\u00f3n\u201d o \u201cpersistentes\u201d. Las cookies de sesi\u00f3n se borrar\u00e1n una vez abandones la p\u00e1gina web y las cookies persistentes permanecer\u00e1n en tu ordenador durante un plazo determinado.<\/p><p>Asimismo, seg\u00fan qui\u00e9n sea la entidad que gestione el equipo o dominio desde el que se env\u00edan las cookies y trate los datos que se obtengan, podemos distinguir entre cookies \u201cpropias\u201d o de \u201cterceros\u201d. Las primeras son aquellas que se env\u00edan a tu ordenador desde un equipo o dominio gestionado por Viena y desde el que se presta el servicio solicitado por el usuario, mientras que las cookies de \u201cterceros\u201d son aquellas que se env\u00edan a tu equipo terminal desde un equipo o dominio que no es gestionado por Viena o que aun siendo gestionado por Viena, es otra entidad la que trata los datos obtenidos trav\u00e9s de las cookies para sus propias finalidades. Puedes encontrar m\u00e1s informaci\u00f3n sobre cookies en <a href=\"http:\/\/www.allaboutcookies.org\/es\">www.allaboutcookies.org\/es<\/a>.<\/p><p><em>Otras tecnolog\u00edas similares<\/em><\/p><p>Adem\u00e1s de la informaci\u00f3n recogida a trav\u00e9s de las cookies, es posible que utilicemos otras tecnolog\u00edas similares como p\u00edxeles de seguimiento o web beacons.<\/p><p>Los p\u00edxeles son peque\u00f1os ficheros gr\u00e1ficos que incluyen un c\u00f3digo gestionado a trav\u00e9s de la url de un tercero y que permiten que la informaci\u00f3n recabada sobre el uso del sitio web pueda ser utilizada para fines anal\u00edticos y publicitarios.<\/p><h2>\u00a0<\/h2><h2>\u00bfQu\u00e9 cookies utilizamos?<\/h2><p>En nuestra Web usamos cookies t\u00e9cnicas necesarias, anal\u00edticas, de preferencias, de redes sociales y de publicidad.<\/p><p>Ser\u00e1s informado debidamente en funci\u00f3n de la tipolog\u00eda de cookies a trav\u00e9s de los siguientes apartados establecidos al efecto acerca de si la informaci\u00f3n recogida a trav\u00e9s de estas puede ser tratada por terceros como corresponsables de la titularidad de la informaci\u00f3n recabada.<\/p><h4>Cookies t\u00e9cnicas necesarias<\/h4><p>Son aquellas que permiten al usuario la navegaci\u00f3n a trav\u00e9s de una p\u00e1gina web, plataforma o aplicaci\u00f3n y la utilizaci\u00f3n de las diferentes opciones o servicios que haya, incluyendo aquellas que Viena utiliza para permitir la gesti\u00f3n y operativa de la p\u00e1gina web y habilitar las funciones y servicios como, por ejemplo, controlar el tr\u00e1fico y la comunicaci\u00f3n de los datos, identificar la sesi\u00f3n, acceder a partes de acceso restringido, hacer la solicitud de inscripci\u00f3n o participaci\u00f3n a un acontecimiento, utilizar elementos de seguridad durante la navegaci\u00f3n, almacenar contenidos para la difusi\u00f3n de videos o sonido, habilitar contenidos din\u00e1micos (por ejemplo, animaci\u00f3n de carga de un texto o imagen) o compartir contenidos a trav\u00e9s de redes sociales.<\/p><p>Las cookies t\u00e9cnicas estar\u00e1n exceptuadas del cumplimiento de las obligaciones establecidas en el art\u00edculo 22.2 de la LSSI cuando permitan prestar el servicio solicitado por el usuario, como ocurre en el caso de las cookies enumeradas en el p\u00e1rrafo anterior.\u00a0<\/p><p>Le informamos de que si bloquea el uso de este tipo de cookies a trav\u00e9s de la configuraci\u00f3n de su navegador (ver apartado \u201cC\u00f3mo gestionar las cookies\u201d m\u00e1s adelante), es posible que la Web no funcione correctamente.<\/p><p>Las cookies t\u00e9cnicas utilizadas, tienen una duraci\u00f3n m\u00ednima coincidente con la sesi\u00f3n y una duraci\u00f3n m\u00e1xima persistente.<\/p><h4>Cookies de preferencias o de personalizaci\u00f3n<\/h4><p>Son aquellas que permiten recordar informaci\u00f3n para que acced\u00e1is al servicio con determinadas caracter\u00edsticas que pueden diferenciar vuestra experiencia de la otros usuarios como por ejemplo el idioma, el n\u00famero de resultados a mostrar cuando haces una b\u00fasqueda, el aspecto o contenido del servicio en funci\u00f3n del tipo de navegador a trav\u00e9s del cual accedas al servicio o la regi\u00f3n desde la que accedas al servicio.<\/p><p>Las cookies de preferencias o de personalizaci\u00f3n utilizadas tienen una duraci\u00f3n m\u00ednima coincidente con la sesi\u00f3n y una duraci\u00f3n m\u00e1xima persistente.<\/p><h4>Cookies anal\u00edticas<\/h4><p>Las cookies anal\u00edticas son aquellas que nos permiten el seguimiento y an\u00e1lisis de tu comportamiento de las p\u00e1ginas web a las que est\u00e9n vinculadas, incluido el n\u00famero de p\u00e1ginas visitadas, el idioma utilizado, la frecuencia y reincidencia de las visitas, el tiempo de las visitas y permanencia en cada apartado de nuestra Web, la cuantificaci\u00f3n de los impactos de los anuncios o el navegador utilizado, entre otros.<\/p><p>Las cookies anal\u00edticas utilizadas, tienen una duraci\u00f3n m\u00ednima coincidente con la sesi\u00f3n y una duraci\u00f3n m\u00e1xima de dos a\u00f1os.<\/p><h4>Cookies publicitarias<\/h4><p>Son cookies que almacenan informaci\u00f3n de tu comportamiento, obtenida a trav\u00e9s de la observaci\u00f3n continuada de tus h\u00e1bitos de navegaci\u00f3n, cosa que permite desarrollar un perfil espec\u00edfico para mostrar publicidad en funci\u00f3n del mismo. Normalmente son administradas por terceros que gestionan los espacios publicitarios que visualizas al acceder a nuestra Web, o a nuestra publicidad en webs de terceros.<\/p><p>Las cookies publicitarias utilizadas, tienen una duraci\u00f3n m\u00ednima coincidente con la sesi\u00f3n y una duraci\u00f3n m\u00e1xima persistente.<\/p><h2>\u00a0<\/h2><h2>\u00bfQui\u00e9n utiliza los datos de las cookies?<\/h2><p>Tal como hemos indicado en los apartados anteriores, en nuestra Web utilizamos cookies propias y de terceros.<\/p><p>Las cookies de terceros son gestionadas directamente por estos y suelen utilizar los datos para sus propias finalidades. Toda la informaci\u00f3n la puedes encontrar en el apartado anterior o en el propio configurador de cookies, as\u00ed como en las propias pol\u00edticas de los terceros identificados en cada apartado.<\/p><h2>\u00a0<\/h2><h2>\u00bfD\u00f3nde se trata tu informaci\u00f3n?<\/h2><p>Al utilizar cookies de terceros, es posible que vuestros datos puedan ser transferidos fuera del Espacio Econ\u00f3mico Europeo o a pa\u00edses con un nivel de protecci\u00f3n adecuado seg\u00fan la normativa aplicable.\u00a0 Seg\u00fan el pa\u00eds de destino, esta transferencia puede suponer una transferencia internacional de datos a pa\u00edses que no ofrecen las garant\u00edas adecuadas.\u00a0En este supuesto, Viena adopta las medidas necesarias para garantizar la seguridad del tratamiento.<\/p><h2>\u00a0<\/h2><h2>\u00bfC\u00f3mo gestionar las cookies?<\/h2><p>Al visitar por primera vez nuestra Web, le ofrecemos la posibilidad de configurar las cookies que desee instalar o rechazar. Podr\u00e1s rechazar la instalaci\u00f3n de cualquier categor\u00eda de cookie excepto las t\u00e9cnicas, que son necesarias para el correcto funcionamiento de la Web.\u00a0<\/p><p>En cualquier caso, tendr\u00e1s en cualquier momento la posibilidad de aceptar o rechazar la instalaci\u00f3n de cookies o bien rechazar la instalaci\u00f3n de un determinado tipo de cookie, modificando las preferencias de vuestro navegador web.<\/p><p>As\u00ed mismo, a trav\u00e9s de tu navegador web puedes activar la navegaci\u00f3n privada o activar la funci\u00f3n de no rastrear. Ten en cuenta que el bloqueo de cookies puede afectar todas o algunas de las funcionalidades de nuestra Web. Para tu comodidad, a continuaci\u00f3n, te proporcionamos los links de ayuda para la configuraci\u00f3n de cookies de los principales navegadores:<\/p><table width=\"558\"><tbody><tr><td width=\"170\"><p>Microsoft Internet Explorer<\/p><\/td><td width=\"388\"><p><a href=\"https:\/\/support.microsoft.com\/es-es\/topic\/eliminar-y-administrar-cookies-168dab11-0753-043d-7c16-ede5947fc64d\">https:\/\/support.microsoft.com\/es-es\/topic\/eliminar-y-administrar-cookies-168dab11-0753-043d-7c16-ede5947fc64d<\/a><\/p><\/td><\/tr><tr><td width=\"170\"><p>Apple Safari<\/p><\/td><td width=\"388\"><p><a href=\"https:\/\/support.apple.com\/es-es\/guide\/safari\/sfri11471\/mac\">https:\/\/support.apple.com\/es-es\/guide\/safari\/sfri11471\/mac<\/a><\/p><\/td><\/tr><tr><td width=\"170\"><p>Google Chrome<\/p><\/td><td width=\"388\"><p><a href=\"https:\/\/support.google.com\/chrome\/answer\/95647?hl=es\">https:\/\/support.google.com\/chrome\/answer\/95647?hl=es<\/a><\/p><\/td><\/tr><tr><td width=\"170\"><p>Mozilla Firefox<\/p><\/td><td width=\"388\"><p><a href=\"https:\/\/support.mozilla.org\/es\/kb\/habilitar-y-deshabilitar-cookies-sitios-web-rastrear-preferencias?redirectlocale=es&amp;redirectslug=habilitar-y-deshabilitar-cookies-que-los-sitios-we\">https:\/\/support.mozilla.org\/es\/kb\/habilitar-y-deshabilitar-cookies-sitios-web-rastrear-preferencias?redirectlocale=es&amp;redirectslug=habilitar-y-deshabilitar-cookies-que-los-sitios-we<\/a><\/p><\/td><\/tr><\/tbody><\/table><p>Los links anteriores pueden actualizarse por parte de las empresas desarrolladoras de dichos navegadores. Viena pondr\u00e1 todos los esfuerzos razonables en mantener el listado anterior debidamente actualizado. Sin embargo, si alg\u00fan link no funcionara debidamente o no estuviera actualizado, siempre podr\u00e1 dirigirse al men\u00fa \u201cAyuda\u201d de su navegador para obtener dicha informaci\u00f3n.<\/p><h2>\u00a0<\/h2><h2>Informaci\u00f3n adicional<\/h2><p>Para mayor informaci\u00f3n sobre la manera como puedes ejercer tus derechos de acceso, rectificaci\u00f3n, supresi\u00f3n, limitaci\u00f3n del tratamiento y portabilidad o cualquier otra cuesti\u00f3n relativa al tratamiento de datos que realizamos mediante el uso de las cookies, puedes consultar la Pol\u00edtica de Privacidad de nuestra Web.<\/p><h2>\u00a0<\/h2><h2>Actualizaci\u00f3n Pol\u00edtica de Cookies<\/h2><p>Esta Pol\u00edtica de Cookies se podr\u00e1 modificar o actualizar en cualquier momento. Por eso, te recomendamos que la revises cada vez que accedas en esta Web.<\/p><p>Actualizada por \u00faltima vez: 22 de Abril de 2022.<\/p>\t\t\t\t\t\t\t\t<\/div>\n\t\t\t\t<\/div>\n\t\t\t\t\t<\/div>\n\t\t<\/div>\n\t\t\t\t\t<\/div>\n\t\t<\/section>\n\t\t\t\t<\/div>\n\t\t","protected":false},"excerpt":{"rendered":"<p>POL\u00cdTICA DE USO DE COOKIES Establiments Viena, S.A., en adelante \u201cViena\u201d, ha desarrollado esta pol\u00edtica para informarte de qu\u00e9 es una cookie y para qu\u00e9 sirve, qu\u00e9 cookies usamos en esta p\u00e1gina web (la \u201cWeb\u201d) y explicarte c\u00f3mo configurarlas seg\u00fan tus intereses, tal y como exige el art\u00edculo 22.1 de la Ley 34\/2002, de 11 [&hellip;]<\/p>\n","protected":false},"author":1,"featured_media":0,"parent":0,"menu_order":0,"comment_status":"closed","ping_status":"closed","template":"","meta":{"footnotes":""},"class_list":["post-37366","page","type-page","status-publish","hentry"],"yoast_head":"<!-- This site is optimized with the Yoast SEO plugin v24.4 - https:\/\/yoast.com\/wordpress\/plugins\/seo\/ -->\n<title>Pol\u00edtica de cookies - Viena<\/title>\n<meta name=\"robots\" content=\"index, follow, max-snippet:-1, max-image-preview:large, max-video-preview:-1\" \/>\n<link rel=\"canonical\" href=\"https:\/\/www.viena.es\/es\/politica-de-cookies\/\" \/>\n<meta property=\"og:locale\" content=\"es_ES\" \/>\n<meta property=\"og:type\" content=\"article\" \/>\n<meta property=\"og:title\" content=\"Pol\u00edtica de cookies - Viena\" \/>\n<meta property=\"og:description\" content=\"POL\u00cdTICA DE USO DE COOKIES Establiments Viena, S.A., en adelante \u201cViena\u201d, ha desarrollado esta pol\u00edtica para informarte de qu\u00e9 es una cookie y para qu\u00e9 sirve, qu\u00e9 cookies usamos en esta p\u00e1gina web (la \u201cWeb\u201d) y explicarte c\u00f3mo configurarlas seg\u00fan tus intereses, tal y como exige el art\u00edculo 22.1 de la Ley 34\/2002, de 11 [&hellip;]\" \/>\n<meta property=\"og:url\" content=\"https:\/\/www.viena.es\/es\/politica-de-cookies\/\" \/>\n<meta property=\"og:site_name\" content=\"Viena\" \/>\n<meta property=\"article:publisher\" content=\"http:\/\/www.facebook.com\/VienaSocVienes\" \/>\n<meta property=\"article:modified_time\" content=\"2022-05-19T13:36:15+00:00\" \/>\n<meta name=\"twitter:card\" content=\"summary_large_image\" \/>\n<meta name=\"twitter:label1\" content=\"Tiempo de lectura\" \/>\n\t<meta name=\"twitter:data1\" content=\"8 minutos\" \/>\n<script type=\"application\/ld+json\" class=\"yoast-schema-graph\">{\"@context\":\"https:\/\/schema.org\",\"@graph\":[{\"@type\":\"WebPage\",\"@id\":\"https:\/\/www.viena.es\/es\/politica-de-cookies\/\",\"url\":\"https:\/\/www.viena.es\/es\/politica-de-cookies\/\",\"name\":\"Pol\u00edtica de cookies - Viena\",\"isPartOf\":{\"@id\":\"https:\/\/www.viena.es\/ca\/#website\"},\"datePublished\":\"2022-04-14T09:24:46+00:00\",\"dateModified\":\"2022-05-19T13:36:15+00:00\",\"breadcrumb\":{\"@id\":\"https:\/\/www.viena.es\/es\/politica-de-cookies\/#breadcrumb\"},\"inLanguage\":\"es\",\"potentialAction\":[{\"@type\":\"ReadAction\",\"target\":[\"https:\/\/www.viena.es\/es\/politica-de-cookies\/\"]}]},{\"@type\":\"BreadcrumbList\",\"@id\":\"https:\/\/www.viena.es\/es\/politica-de-cookies\/#breadcrumb\",\"itemListElement\":[{\"@type\":\"ListItem\",\"position\":1,\"name\":\"Home\",\"item\":\"https:\/\/www.viena.es\/es\/\"},{\"@type\":\"ListItem\",\"position\":2,\"name\":\"Pol\u00edtica de cookies\"}]},{\"@type\":\"WebSite\",\"@id\":\"https:\/\/www.viena.es\/ca\/#website\",\"url\":\"https:\/\/www.viena.es\/ca\/\",\"name\":\"Viena\",\"description\":\"\",\"publisher\":{\"@id\":\"https:\/\/www.viena.es\/ca\/#organization\"},\"potentialAction\":[{\"@type\":\"SearchAction\",\"target\":{\"@type\":\"EntryPoint\",\"urlTemplate\":\"https:\/\/www.viena.es\/ca\/?s={search_term_string}\"},\"query-input\":{\"@type\":\"PropertyValueSpecification\",\"valueRequired\":true,\"valueName\":\"search_term_string\"}}],\"inLanguage\":\"es\"},{\"@type\":\"Organization\",\"@id\":\"https:\/\/www.viena.es\/ca\/#organization\",\"name\":\"Viena\",\"url\":\"https:\/\/www.viena.es\/ca\/\",\"logo\":{\"@type\":\"ImageObject\",\"inLanguage\":\"es\",\"@id\":\"https:\/\/www.viena.es\/ca\/#\/schema\/logo\/image\/\",\"url\":\"https:\/\/www.viena.es\/wp-content\/uploads\/2022\/06\/viena-logo.png\",\"contentUrl\":\"https:\/\/www.viena.es\/wp-content\/uploads\/2022\/06\/viena-logo.png\",\"width\":256,\"height\":52,\"caption\":\"Viena\"},\"image\":{\"@id\":\"https:\/\/www.viena.es\/ca\/#\/schema\/logo\/image\/\"},\"sameAs\":[\"http:\/\/www.facebook.com\/VienaSocVienes\",\"http:\/\/www.instagram.com\/Vienasocvienes\"]}]}<\/script>\n<!-- \/ Yoast SEO plugin. -->","yoast_head_json":{"title":"Pol\u00edtica de cookies - Viena","robots":{"index":"index","follow":"follow","max-snippet":"max-snippet:-1","max-image-preview":"max-image-preview:large","max-video-preview":"max-video-preview:-1"},"canonical":"https:\/\/www.viena.es\/es\/politica-de-cookies\/","og_locale":"es_ES","og_type":"article","og_title":"Pol\u00edtica de cookies - Viena","og_description":"POL\u00cdTICA DE USO DE COOKIES Establiments Viena, S.A., en adelante \u201cViena\u201d, ha desarrollado esta pol\u00edtica para informarte de qu\u00e9 es una cookie y para qu\u00e9 sirve, qu\u00e9 cookies usamos en esta p\u00e1gina web (la \u201cWeb\u201d) y explicarte c\u00f3mo configurarlas seg\u00fan tus intereses, tal y como exige el art\u00edculo 22.1 de la Ley 34\/2002, de 11 [&hellip;]","og_url":"https:\/\/www.viena.es\/es\/politica-de-cookies\/","og_site_name":"Viena","article_publisher":"http:\/\/www.facebook.com\/VienaSocVienes","article_modified_time":"2022-05-19T13:36:15+00:00","twitter_card":"summary_large_image","twitter_misc":{"Tiempo de lectura":"8 minutos"},"schema":{"@context":"https:\/\/schema.org","@graph":[{"@type":"WebPage","@id":"https:\/\/www.viena.es\/es\/politica-de-cookies\/","url":"https:\/\/www.viena.es\/es\/politica-de-cookies\/","name":"Pol\u00edtica de cookies - Viena","isPartOf":{"@id":"https:\/\/www.viena.es\/ca\/#website"},"datePublished":"2022-04-14T09:24:46+00:00","dateModified":"2022-05-19T13:36:15+00:00","breadcrumb":{"@id":"https:\/\/www.viena.es\/es\/politica-de-cookies\/#breadcrumb"},"inLanguage":"es","potentialAction":[{"@type":"ReadAction","target":["https:\/\/www.viena.es\/es\/politica-de-cookies\/"]}]},{"@type":"BreadcrumbList","@id":"https:\/\/www.viena.es\/es\/politica-de-cookies\/#breadcrumb","itemListElement":[{"@type":"ListItem","position":1,"name":"Home","item":"https:\/\/www.viena.es\/es\/"},{"@type":"ListItem","position":2,"name":"Pol\u00edtica de cookies"}]},{"@type":"WebSite","@id":"https:\/\/www.viena.es\/ca\/#website","url":"https:\/\/www.viena.es\/ca\/","name":"Viena","description":"","publisher":{"@id":"https:\/\/www.viena.es\/ca\/#organization"},"potentialAction":[{"@type":"SearchAction","target":{"@type":"EntryPoint","urlTemplate":"https:\/\/www.viena.es\/ca\/?s={search_term_string}"},"query-input":{"@type":"PropertyValueSpecification","valueRequired":true,"valueName":"search_term_string"}}],"inLanguage":"es"},{"@type":"Organization","@id":"https:\/\/www.viena.es\/ca\/#organization","name":"Viena","url":"https:\/\/www.viena.es\/ca\/","logo":{"@type":"ImageObject","inLanguage":"es","@id":"https:\/\/www.viena.es\/ca\/#\/schema\/logo\/image\/","url":"https:\/\/www.viena.es\/wp-content\/uploads\/2022\/06\/viena-logo.png","contentUrl":"https:\/\/www.viena.es\/wp-content\/uploads\/2022\/06\/viena-logo.png","width":256,"height":52,"caption":"Viena"},"image":{"@id":"https:\/\/www.viena.es\/ca\/#\/schema\/logo\/image\/"},"sameAs":["http:\/\/www.facebook.com\/VienaSocVienes","http:\/\/www.instagram.com\/Vienasocvienes"]}]}},"_links":{"self":[{"href":"https:\/\/www.viena.es\/es\/wp-json\/wp\/v2\/pages\/37366","targetHints":{"allow":["GET"]}}],"collection":[{"href":"https:\/\/www.viena.es\/es\/wp-json\/wp\/v2\/pages"}],"about":[{"href":"https:\/\/www.viena.es\/es\/wp-json\/wp\/v2\/types\/page"}],"author":[{"embeddable":true,"href":"https:\/\/www.viena.es\/es\/wp-json\/wp\/v2\/users\/1"}],"replies":[{"embeddable":true,"href":"https:\/\/www.viena.es\/es\/wp-json\/wp\/v2\/comments?post=37366"}],"version-history":[{"count":40,"href":"https:\/\/www.viena.es\/es\/wp-json\/wp\/v2\/pages\/37366\/revisions"}],"predecessor-version":[{"id":41569,"href":"https:\/\/www.viena.es\/es\/wp-json\/wp\/v2\/pages\/37366\/revisions\/41569"}],"wp:attachment":[{"href":"https:\/\/www.viena.es\/es\/wp-json\/wp\/v2\/media?parent=37366"}],"curies":[{"name":"wp","href":"https:\/\/api.w.org\/{rel}","templated":true}]}}