 {"id":31377,"date":"2018-05-29T10:40:00","date_gmt":"2018-05-29T08:40:00","guid":{"rendered":"https:\/\/www.viena.es\/politica-de-privacitat\/"},"modified":"2024-05-10T13:12:20","modified_gmt":"2024-05-10T11:12:20","slug":"politica-de-privacidad","status":"publish","type":"page","link":"https:\/\/www.viena.es\/es\/politica-de-privacidad\/","title":{"rendered":"Pol\u00edtica de privacidad"},"content":{"rendered":"\t\t<div data-elementor-type=\"wp-page\" data-elementor-id=\"31377\" class=\"elementor elementor-31377 elementor-214\">\n\t\t\t\t\t\t<section class=\"elementor-section elementor-top-section elementor-element elementor-element-4754319 elementor-section-boxed elementor-section-height-default elementor-section-height-default\" data-id=\"4754319\" data-element_type=\"section\" data-e-type=\"section\">\n\t\t\t\t\t\t<div class=\"elementor-container elementor-column-gap-default\">\n\t\t\t\t\t<div class=\"elementor-column elementor-col-100 elementor-top-column elementor-element elementor-element-0102d15\" data-id=\"0102d15\" data-element_type=\"column\" data-e-type=\"column\">\n\t\t\t<div class=\"elementor-widget-wrap elementor-element-populated\">\n\t\t\t\t\t\t<div class=\"elementor-element elementor-element-31d84ce elementor-widget elementor-widget-text-editor\" data-id=\"31d84ce\" data-element_type=\"widget\" data-e-type=\"widget\" data-widget_type=\"text-editor.default\">\n\t\t\t\t<div class=\"elementor-widget-container\">\n\t\t\t\t\t\t\t\t\t<h1>SEGURIDAD Y PROTECCI\u00d3N DE DATOS DE CAR\u00c1CTER PERSONAL<\/h1><h2>Privacidad y Protecci\u00f3n de datos personales<\/h2><p style=\"margin-right: 0px; margin-bottom: 15px; margin-left: 0px; clear: both;\"><span style=\"color: #382e2c; font-family: Roboto, sans-serif;\">Como norma general la utilizaci\u00f3n de la web de Establiments Viena, S.A. (en adelante, VIENA), no requiere como condici\u00f3n previa que los usuarios revelen sus datos personales.<\/span><\/p><p style=\"margin-right: 0px; margin-bottom: 15px; margin-left: 0px; clear: both;\"><span style=\"color: #382e2c; font-family: Roboto, sans-serif;\">No obstante lo anterior, el usuario podr\u00e1 remitir al responsable del tratamiento, VIENA, con domicilio social en C\/ de Vinyals n\u00ba 61, 08221 Terrassa (Barcelona), sus datos de car\u00e1cter personal a trav\u00e9s de los distintos formularios que a tal efecto pueden disponerse en la p\u00e1gina web. Dichos formularios incluyen informaci\u00f3n concreta sobre las finalidades para las que sus datos ser\u00e1n tratados, en cumplimiento a las exigencias establecidas en el Reglamento General de Protecci\u00f3n de Datos (RGPD) y restante legislaci\u00f3n vigente en materia de protecci\u00f3n de datos de car\u00e1cter personal. Sus datos personales ser\u00e1n tratados de por VIENA de forma confidencial y solo para aquellas finalidades que usted haya consentido.<\/span><\/p><p style=\"margin-right: 0px; margin-bottom: 15px; margin-left: 0px; clear: both;\"><span style=\"color: #382e2c; font-family: Roboto, sans-serif;\">Le informamos que sus datos no ser\u00e1n cedidos, vendidos, alquilados o puestos a disposici\u00f3n de ninguna otra forma a ning\u00fan tercero, salvo a aquellos proveedores de servicios de VIENA quienes realizan determinadas actividades para la compa\u00f1\u00eda (como por ejemplo, el env\u00edo de las comunicaciones, proveedores de servicios inform\u00e1ticos, etc), pero en ning\u00fan caso para sus finalidades propias.<\/span><\/p><p style=\"margin-right: 0px; margin-bottom: 15px; margin-left: 0px; clear: both;\"><span style=\"color: #382e2c; font-family: Roboto, sans-serif;\">\u00a0<\/span><\/p><h2>Posibles finalidades y bases de legitimaci\u00f3n<\/h2><p style=\"margin-right: 0px; margin-bottom: 15px; margin-left: 0px; clear: both; color: #382e2c; font-family: Roboto, sans-serif;\">Le informamos que los datos personales que Ud. nos facilite podr\u00e1n ser\u00e1n tratados por Establiments Viena, S.A. para las siguientes finalidades:<\/p><p style=\"margin-bottom: 0cm; font-size: medium;\" align=\"JUSTIFY\">\u00a0<\/p>\t\t\t\t\t\t\t\t<\/div>\n\t\t\t\t<\/div>\n\t\t\t\t<div class=\"elementor-element elementor-element-7d57114 elementor-widget elementor-widget-image\" data-id=\"7d57114\" data-element_type=\"widget\" data-e-type=\"widget\" data-widget_type=\"image.default\">\n\t\t\t\t<div class=\"elementor-widget-container\">\n\t\t\t\t\t\t\t\t\t\t\t\t\t\t\t<img fetchpriority=\"high\" decoding=\"async\" width=\"862\" height=\"1200\" src=\"https:\/\/www.viena.es\/wp-content\/uploads\/2024\/05\/quadres-privacitat-web_FINALITATS-CAST-862x1200.webp\" class=\"attachment-large size-large wp-image-51403 img-fluid \" alt=\"\" srcset=\"https:\/\/www.viena.es\/wp-content\/uploads\/2024\/05\/quadres-privacitat-web_FINALITATS-CAST-862x1200.webp 862w, https:\/\/www.viena.es\/wp-content\/uploads\/2024\/05\/quadres-privacitat-web_FINALITATS-CAST-552x768.webp 552w, https:\/\/www.viena.es\/wp-content\/uploads\/2024\/05\/quadres-privacitat-web_FINALITATS-CAST-768x1069.webp 768w, https:\/\/www.viena.es\/wp-content\/uploads\/2024\/05\/quadres-privacitat-web_FINALITATS-CAST-1104x1536.webp 1104w, https:\/\/www.viena.es\/wp-content\/uploads\/2024\/05\/quadres-privacitat-web_FINALITATS-CAST-1472x2048.webp 1472w, https:\/\/www.viena.es\/wp-content\/uploads\/2024\/05\/quadres-privacitat-web_FINALITATS-CAST-scaled.webp 1840w\" sizes=\"(max-width: 862px) 100vw, 862px\" \/>\t\t\t\t\t\t\t\t\t\t\t\t\t\t\t<\/div>\n\t\t\t\t<\/div>\n\t\t\t\t<div class=\"elementor-element elementor-element-4ba792c elementor-widget elementor-widget-text-editor\" data-id=\"4ba792c\" data-element_type=\"widget\" data-e-type=\"widget\" data-widget_type=\"text-editor.default\">\n\t\t\t\t<div class=\"elementor-widget-container\">\n\t\t\t\t\t\t\t\t\t<p>Las categor\u00edas de datos tratadas en cada tratamiento ser\u00e1n las identificadas en los formularios de recogida de datos.<\/p>\n<p><\/p>\n<h2>Plazos de conservaci\u00f3n<\/h2>\n<p>Sus datos se conservar\u00e1n durante el plazo establecido de acuerdo a lo establecido en el cuadro siguiente, salvo que usted consienta que se conserve durante un plazo superior, sin perjuicio de conservaci\u00f3n y mantenimiento bajo el debido bloqueo para su puesta a disposici\u00f3n de las autoridades. Recuerde que puede retirar su consentimiento en cualquier momento.<\/p>\n<p style=\"margin-bottom: 0cm; font-size: medium;\" align=\"JUSTIFY\">\n<\/p>\t\t\t\t\t\t\t\t<\/div>\n\t\t\t\t<\/div>\n\t\t\t\t<div class=\"elementor-element elementor-element-de34907 elementor-widget elementor-widget-image\" data-id=\"de34907\" data-element_type=\"widget\" data-e-type=\"widget\" data-widget_type=\"image.default\">\n\t\t\t\t<div class=\"elementor-widget-container\">\n\t\t\t\t\t\t\t\t\t\t\t\t\t\t\t<img decoding=\"async\" width=\"840\" height=\"1200\" src=\"https:\/\/www.viena.es\/wp-content\/uploads\/2024\/05\/quadres-privacitat-web_CONSERVACIO-CAST-840x1200.webp\" class=\"attachment-large size-large wp-image-51406 img-fluid \" alt=\"\" srcset=\"https:\/\/www.viena.es\/wp-content\/uploads\/2024\/05\/quadres-privacitat-web_CONSERVACIO-CAST-840x1200.webp 840w, https:\/\/www.viena.es\/wp-content\/uploads\/2024\/05\/quadres-privacitat-web_CONSERVACIO-CAST-537x768.webp 537w, https:\/\/www.viena.es\/wp-content\/uploads\/2024\/05\/quadres-privacitat-web_CONSERVACIO-CAST-768x1098.webp 768w, https:\/\/www.viena.es\/wp-content\/uploads\/2024\/05\/quadres-privacitat-web_CONSERVACIO-CAST-1075x1536.webp 1075w, https:\/\/www.viena.es\/wp-content\/uploads\/2024\/05\/quadres-privacitat-web_CONSERVACIO-CAST-1433x2048.webp 1433w, https:\/\/www.viena.es\/wp-content\/uploads\/2024\/05\/quadres-privacitat-web_CONSERVACIO-CAST-scaled.webp 1791w\" sizes=\"(max-width: 840px) 100vw, 840px\" \/>\t\t\t\t\t\t\t\t\t\t\t\t\t\t\t<\/div>\n\t\t\t\t<\/div>\n\t\t\t\t\t<\/div>\n\t\t<\/div>\n\t\t\t\t\t<\/div>\n\t\t<\/section>\n\t\t\t\t<section class=\"elementor-section elementor-top-section elementor-element elementor-element-d0ba2a9 elementor-section-boxed elementor-section-height-default elementor-section-height-default\" data-id=\"d0ba2a9\" data-element_type=\"section\" data-e-type=\"section\">\n\t\t\t\t\t\t<div class=\"elementor-container elementor-column-gap-default\">\n\t\t\t\t\t<div class=\"elementor-column elementor-col-100 elementor-top-column elementor-element elementor-element-4ba633d\" data-id=\"4ba633d\" data-element_type=\"column\" data-e-type=\"column\">\n\t\t\t<div class=\"elementor-widget-wrap elementor-element-populated\">\n\t\t\t\t\t\t<div class=\"elementor-element elementor-element-8bdf124 elementor-widget elementor-widget-text-editor\" data-id=\"8bdf124\" data-element_type=\"widget\" data-e-type=\"widget\" data-widget_type=\"text-editor.default\">\n\t\t\t\t<div class=\"elementor-widget-container\">\n\t\t\t\t\t\t\t\t\t<h2>Cesi\u00f3n de derechos de imagen para campa\u00f1as de publicidad<\/h2><p>En el caso de las personas trabajadoras de VIENA que presten su consentimiento para participar en las campa\u00f1as de publicidad mediante la cesi\u00f3n de su imagen lo har\u00e1n de acuerdo a los t\u00e9rminos y condiciones que ser\u00e1n facilitados a tal efecto con car\u00e1cter previo a la cesi\u00f3n, en los que se indicar\u00e1n aspectos espec\u00edficos de la cesi\u00f3n tales como los soportes, la duraci\u00f3n de la cesi\u00f3n, el territorio, etc.<\/p><p>\u00a0<\/p><h2>Ejercicio de derechos y reclamaciones ante la AEPD<\/h2><p>Podr\u00e1 ejercitar sus derechos de acceso, rectificaci\u00f3n, supresi\u00f3n, limitaci\u00f3n del tratamiento, portabilidad de los datos y oposici\u00f3n, a trav\u00e9s del env\u00edo de un correo electr\u00f3nico a la direcci\u00f3n protecciondedatos@viena.es, o si lo prefiere, por medio de correo postal dirigido a la direcci\u00f3n C\/ de Vinyals n\u00ba 61, 08221 Terrassa (Barcelona), en el que el Usuario se identificar\u00e1 e indicar\u00e1 con claridad el objeto de su solicitud.<\/p><p>Al objeto de que la informaci\u00f3n contenida en nuestros ficheros est\u00e9 siempre actualizada rogamos a nuestros usuarios que nos comuniquen, a la mayor brevedad, las modificaciones y rectificaciones de sus datos de car\u00e1cter personal.<\/p><p>VIENA le recuerda que podr\u00e1 ejercer su derecho de reclamaci\u00f3n ante la autoridad de control competente, Agencia Espa\u00f1ola de Protecci\u00f3n de Datos en\u00a0<a href=\"http:\/\/www.aepd.es\/\">www.aepd.es<\/a>.<\/p><p>\u00a0<\/p><h2><strong>Datos de contacto del Delegado de Protecci\u00f3n de Datos<\/strong><\/h2><p>Si tuviera cualquier duda, cuesti\u00f3n o reclamaci\u00f3n sobre la forma en la que tratamos sus datos personales, puede ponerse en contacto con nuestro Delegado de Protecci\u00f3n de Datos, en la direcci\u00f3n de correo electr\u00f3nico <a href=\"mailto:protecciondedatos@viena.es\">protecciondedatos@viena.es<\/a>.\u00a0<\/p><p>\u00a0<\/p><h2>Niveles de seguridad<\/h2><div>La informaci\u00f3n recibida por VIENA a trav\u00e9s de la presente p\u00e1gina Web ser\u00e1 tratada con la m\u00e1xima reserva y confidencialidad. Asimismo, en respuesta a la preocupaci\u00f3n de VIENA por garantizar la seguridad y confidencialidad de sus datos personales, hemos adoptado todos los medios t\u00e9cnicos a nuestro alcance para evitar la p\u00e9rdida, mal uso, alteraci\u00f3n, acceso no autorizado y robo de los datos personales facilitados a trav\u00e9s del Sitio Web. En todo caso, debe tenerse en cuenta que las medidas de seguridad en Internet no son inexpugnables.<\/div>\t\t\t\t\t\t\t\t<\/div>\n\t\t\t\t<\/div>\n\t\t\t\t\t<\/div>\n\t\t<\/div>\n\t\t\t\t\t<\/div>\n\t\t<\/section>\n\t\t\t\t<\/div>\n\t\t","protected":false},"excerpt":{"rendered":"<p>SEGURIDAD Y PROTECCI\u00d3N DE DATOS DE CAR\u00c1CTER PERSONAL Privacidad y Protecci\u00f3n de datos personales Como norma general la utilizaci\u00f3n de la web de Establiments Viena, S.A. (en adelante, VIENA), no requiere como condici\u00f3n previa que los usuarios revelen sus datos personales. No obstante lo anterior, el usuario podr\u00e1 remitir al responsable del tratamiento, VIENA, con [&hellip;]<\/p>\n","protected":false},"author":1,"featured_media":0,"parent":0,"menu_order":0,"comment_status":"closed","ping_status":"closed","template":"","meta":{"footnotes":""},"class_list":["post-31377","page","type-page","status-publish","hentry"],"yoast_head":"<!-- This site is optimized with the Yoast SEO plugin v24.4 - https:\/\/yoast.com\/wordpress\/plugins\/seo\/ -->\n<title>Pol\u00edtica de privacidad - Viena<\/title>\n<meta name=\"robots\" content=\"index, follow, max-snippet:-1, max-image-preview:large, max-video-preview:-1\" \/>\n<link rel=\"canonical\" href=\"https:\/\/www.viena.es\/ca\/politica-de-privacitat\/\" \/>\n<meta property=\"og:locale\" content=\"es_ES\" \/>\n<meta property=\"og:type\" content=\"article\" \/>\n<meta property=\"og:title\" content=\"Pol\u00edtica de privacidad - Viena\" \/>\n<meta property=\"og:description\" content=\"SEGURIDAD Y PROTECCI\u00d3N DE DATOS DE CAR\u00c1CTER PERSONAL Privacidad y Protecci\u00f3n de datos personales Como norma general la utilizaci\u00f3n de la web de Establiments Viena, S.A. (en adelante, VIENA), no requiere como condici\u00f3n previa que los usuarios revelen sus datos personales. No obstante lo anterior, el usuario podr\u00e1 remitir al responsable del tratamiento, VIENA, con [&hellip;]\" \/>\n<meta property=\"og:url\" content=\"https:\/\/www.viena.es\/ca\/politica-de-privacitat\/\" \/>\n<meta property=\"og:site_name\" content=\"Viena\" \/>\n<meta property=\"article:publisher\" content=\"http:\/\/www.facebook.com\/VienaSocVienes\" \/>\n<meta property=\"article:modified_time\" content=\"2024-05-10T11:12:20+00:00\" \/>\n<meta property=\"og:image\" content=\"https:\/\/www.viena.es\/wp-content\/uploads\/2024\/05\/quadres-privacitat-web_FINALITATS-CAST-862x1200.webp\" \/>\n<meta name=\"twitter:card\" content=\"summary_large_image\" \/>\n<meta name=\"twitter:label1\" content=\"Tiempo de lectura\" \/>\n\t<meta name=\"twitter:data1\" content=\"4 minutos\" \/>\n<script type=\"application\/ld+json\" class=\"yoast-schema-graph\">{\"@context\":\"https:\/\/schema.org\",\"@graph\":[{\"@type\":\"WebPage\",\"@id\":\"https:\/\/www.viena.es\/ca\/politica-de-privacitat\/\",\"url\":\"https:\/\/www.viena.es\/ca\/politica-de-privacitat\/\",\"name\":\"Pol\u00edtica de privacidad - Viena\",\"isPartOf\":{\"@id\":\"https:\/\/www.viena.es\/ca\/#website\"},\"primaryImageOfPage\":{\"@id\":\"https:\/\/www.viena.es\/ca\/politica-de-privacitat\/#primaryimage\"},\"image\":{\"@id\":\"https:\/\/www.viena.es\/ca\/politica-de-privacitat\/#primaryimage\"},\"thumbnailUrl\":\"https:\/\/www.viena.es\/wp-content\/uploads\/2024\/05\/quadres-privacitat-web_FINALITATS-CAST-862x1200.webp\",\"datePublished\":\"2018-05-29T08:40:00+00:00\",\"dateModified\":\"2024-05-10T11:12:20+00:00\",\"breadcrumb\":{\"@id\":\"https:\/\/www.viena.es\/ca\/politica-de-privacitat\/#breadcrumb\"},\"inLanguage\":\"es\",\"potentialAction\":[{\"@type\":\"ReadAction\",\"target\":[\"https:\/\/www.viena.es\/ca\/politica-de-privacitat\/\"]}]},{\"@type\":\"ImageObject\",\"inLanguage\":\"es\",\"@id\":\"https:\/\/www.viena.es\/ca\/politica-de-privacitat\/#primaryimage\",\"url\":\"https:\/\/www.viena.es\/wp-content\/uploads\/2024\/05\/quadres-privacitat-web_FINALITATS-CAST-862x1200.webp\",\"contentUrl\":\"https:\/\/www.viena.es\/wp-content\/uploads\/2024\/05\/quadres-privacitat-web_FINALITATS-CAST-862x1200.webp\"},{\"@type\":\"BreadcrumbList\",\"@id\":\"https:\/\/www.viena.es\/ca\/politica-de-privacitat\/#breadcrumb\",\"itemListElement\":[{\"@type\":\"ListItem\",\"position\":1,\"name\":\"Home\",\"item\":\"https:\/\/www.viena.es\/es\/\"},{\"@type\":\"ListItem\",\"position\":2,\"name\":\"Pol\u00edtica de privacidad\"}]},{\"@type\":\"WebSite\",\"@id\":\"https:\/\/www.viena.es\/ca\/#website\",\"url\":\"https:\/\/www.viena.es\/ca\/\",\"name\":\"Viena\",\"description\":\"\",\"publisher\":{\"@id\":\"https:\/\/www.viena.es\/ca\/#organization\"},\"potentialAction\":[{\"@type\":\"SearchAction\",\"target\":{\"@type\":\"EntryPoint\",\"urlTemplate\":\"https:\/\/www.viena.es\/ca\/?s={search_term_string}\"},\"query-input\":{\"@type\":\"PropertyValueSpecification\",\"valueRequired\":true,\"valueName\":\"search_term_string\"}}],\"inLanguage\":\"es\"},{\"@type\":\"Organization\",\"@id\":\"https:\/\/www.viena.es\/ca\/#organization\",\"name\":\"Viena\",\"url\":\"https:\/\/www.viena.es\/ca\/\",\"logo\":{\"@type\":\"ImageObject\",\"inLanguage\":\"es\",\"@id\":\"https:\/\/www.viena.es\/ca\/#\/schema\/logo\/image\/\",\"url\":\"https:\/\/www.viena.es\/wp-content\/uploads\/2022\/06\/viena-logo.png\",\"contentUrl\":\"https:\/\/www.viena.es\/wp-content\/uploads\/2022\/06\/viena-logo.png\",\"width\":256,\"height\":52,\"caption\":\"Viena\"},\"image\":{\"@id\":\"https:\/\/www.viena.es\/ca\/#\/schema\/logo\/image\/\"},\"sameAs\":[\"http:\/\/www.facebook.com\/VienaSocVienes\",\"http:\/\/www.instagram.com\/Vienasocvienes\"]}]}<\/script>\n<!-- \/ Yoast SEO plugin. -->","yoast_head_json":{"title":"Pol\u00edtica de privacidad - Viena","robots":{"index":"index","follow":"follow","max-snippet":"max-snippet:-1","max-image-preview":"max-image-preview:large","max-video-preview":"max-video-preview:-1"},"canonical":"https:\/\/www.viena.es\/ca\/politica-de-privacitat\/","og_locale":"es_ES","og_type":"article","og_title":"Pol\u00edtica de privacidad - Viena","og_description":"SEGURIDAD Y PROTECCI\u00d3N DE DATOS DE CAR\u00c1CTER PERSONAL Privacidad y Protecci\u00f3n de datos personales Como norma general la utilizaci\u00f3n de la web de Establiments Viena, S.A. (en adelante, VIENA), no requiere como condici\u00f3n previa que los usuarios revelen sus datos personales. No obstante lo anterior, el usuario podr\u00e1 remitir al responsable del tratamiento, VIENA, con [&hellip;]","og_url":"https:\/\/www.viena.es\/ca\/politica-de-privacitat\/","og_site_name":"Viena","article_publisher":"http:\/\/www.facebook.com\/VienaSocVienes","article_modified_time":"2024-05-10T11:12:20+00:00","og_image":[{"url":"https:\/\/www.viena.es\/wp-content\/uploads\/2024\/05\/quadres-privacitat-web_FINALITATS-CAST-862x1200.webp","type":"","width":"","height":""}],"twitter_card":"summary_large_image","twitter_misc":{"Tiempo de lectura":"4 minutos"},"schema":{"@context":"https:\/\/schema.org","@graph":[{"@type":"WebPage","@id":"https:\/\/www.viena.es\/ca\/politica-de-privacitat\/","url":"https:\/\/www.viena.es\/ca\/politica-de-privacitat\/","name":"Pol\u00edtica de privacidad - Viena","isPartOf":{"@id":"https:\/\/www.viena.es\/ca\/#website"},"primaryImageOfPage":{"@id":"https:\/\/www.viena.es\/ca\/politica-de-privacitat\/#primaryimage"},"image":{"@id":"https:\/\/www.viena.es\/ca\/politica-de-privacitat\/#primaryimage"},"thumbnailUrl":"https:\/\/www.viena.es\/wp-content\/uploads\/2024\/05\/quadres-privacitat-web_FINALITATS-CAST-862x1200.webp","datePublished":"2018-05-29T08:40:00+00:00","dateModified":"2024-05-10T11:12:20+00:00","breadcrumb":{"@id":"https:\/\/www.viena.es\/ca\/politica-de-privacitat\/#breadcrumb"},"inLanguage":"es","potentialAction":[{"@type":"ReadAction","target":["https:\/\/www.viena.es\/ca\/politica-de-privacitat\/"]}]},{"@type":"ImageObject","inLanguage":"es","@id":"https:\/\/www.viena.es\/ca\/politica-de-privacitat\/#primaryimage","url":"https:\/\/www.viena.es\/wp-content\/uploads\/2024\/05\/quadres-privacitat-web_FINALITATS-CAST-862x1200.webp","contentUrl":"https:\/\/www.viena.es\/wp-content\/uploads\/2024\/05\/quadres-privacitat-web_FINALITATS-CAST-862x1200.webp"},{"@type":"BreadcrumbList","@id":"https:\/\/www.viena.es\/ca\/politica-de-privacitat\/#breadcrumb","itemListElement":[{"@type":"ListItem","position":1,"name":"Home","item":"https:\/\/www.viena.es\/es\/"},{"@type":"ListItem","position":2,"name":"Pol\u00edtica de privacidad"}]},{"@type":"WebSite","@id":"https:\/\/www.viena.es\/ca\/#website","url":"https:\/\/www.viena.es\/ca\/","name":"Viena","description":"","publisher":{"@id":"https:\/\/www.viena.es\/ca\/#organization"},"potentialAction":[{"@type":"SearchAction","target":{"@type":"EntryPoint","urlTemplate":"https:\/\/www.viena.es\/ca\/?s={search_term_string}"},"query-input":{"@type":"PropertyValueSpecification","valueRequired":true,"valueName":"search_term_string"}}],"inLanguage":"es"},{"@type":"Organization","@id":"https:\/\/www.viena.es\/ca\/#organization","name":"Viena","url":"https:\/\/www.viena.es\/ca\/","logo":{"@type":"ImageObject","inLanguage":"es","@id":"https:\/\/www.viena.es\/ca\/#\/schema\/logo\/image\/","url":"https:\/\/www.viena.es\/wp-content\/uploads\/2022\/06\/viena-logo.png","contentUrl":"https:\/\/www.viena.es\/wp-content\/uploads\/2022\/06\/viena-logo.png","width":256,"height":52,"caption":"Viena"},"image":{"@id":"https:\/\/www.viena.es\/ca\/#\/schema\/logo\/image\/"},"sameAs":["http:\/\/www.facebook.com\/VienaSocVienes","http:\/\/www.instagram.com\/Vienasocvienes"]}]}},"_links":{"self":[{"href":"https:\/\/www.viena.es\/es\/wp-json\/wp\/v2\/pages\/31377","targetHints":{"allow":["GET"]}}],"collection":[{"href":"https:\/\/www.viena.es\/es\/wp-json\/wp\/v2\/pages"}],"about":[{"href":"https:\/\/www.viena.es\/es\/wp-json\/wp\/v2\/types\/page"}],"author":[{"embeddable":true,"href":"https:\/\/www.viena.es\/es\/wp-json\/wp\/v2\/users\/1"}],"replies":[{"embeddable":true,"href":"https:\/\/www.viena.es\/es\/wp-json\/wp\/v2\/comments?post=31377"}],"version-history":[{"count":25,"href":"https:\/\/www.viena.es\/es\/wp-json\/wp\/v2\/pages\/31377\/revisions"}],"predecessor-version":[{"id":51411,"href":"https:\/\/www.viena.es\/es\/wp-json\/wp\/v2\/pages\/31377\/revisions\/51411"}],"wp:attachment":[{"href":"https:\/\/www.viena.es\/es\/wp-json\/wp\/v2\/media?parent=31377"}],"curies":[{"name":"wp","href":"https:\/\/api.w.org\/{rel}","templated":true}]}}