 {"id":37368,"date":"2022-04-14T11:25:19","date_gmt":"2022-04-14T09:25:19","guid":{"rendered":"https:\/\/www.viena.es\/?page_id=37368"},"modified":"2022-05-19T15:34:34","modified_gmt":"2022-05-19T13:34:34","slug":"politica-de-cookies","status":"publish","type":"page","link":"https:\/\/www.viena.es\/ca\/politica-de-cookies\/","title":{"rendered":"Pol\u00edtica de cookies"},"content":{"rendered":"\t\t<div data-elementor-type=\"wp-page\" data-elementor-id=\"37368\" class=\"elementor elementor-37368 elementor-37366\">\n\t\t\t\t\t\t<section class=\"elementor-section elementor-top-section elementor-element elementor-element-1fa0dc9 elementor-section-boxed elementor-section-height-default elementor-section-height-default\" data-id=\"1fa0dc9\" data-element_type=\"section\" data-e-type=\"section\">\n\t\t\t\t\t\t<div class=\"elementor-container elementor-column-gap-default\">\n\t\t\t\t\t<div class=\"elementor-column elementor-col-100 elementor-top-column elementor-element elementor-element-c34f8c3\" data-id=\"c34f8c3\" data-element_type=\"column\" data-e-type=\"column\">\n\t\t\t<div class=\"elementor-widget-wrap elementor-element-populated\">\n\t\t\t\t\t\t<div class=\"elementor-element elementor-element-c693ac3 elementor-widget elementor-widget-text-editor\" data-id=\"c693ac3\" data-element_type=\"widget\" data-e-type=\"widget\" data-widget_type=\"text-editor.default\">\n\t\t\t\t<div class=\"elementor-widget-container\">\n\t\t\t\t\t\t\t\t\t<h1>POL\u00cdTICA D&#8217;\u00daS DE COOKIES<\/h1><p>Establiments Viena, S.A., en endavant \u201cViena\u201d, ha desenvolupat aquesta pol\u00edtica per informar-te de qu\u00e8 \u00e9s una cookie i per a qu\u00e8 serveix, quines cookies fem servir en aquesta p\u00e0gina web (la \u201cWeb\u201d) i explicar-te com configurar-les segons els teus interessos, tal i com exigeix l\u2019article 22.1 de la Llei 34\/2002, de 11 de juliol de Serveis de la Societat d\u2019informaci\u00f3 i Comer\u00e7 Electr\u00f2nic (LSSI).<\/p><p>La nostra pol\u00edtica est\u00e0 a la teva disposici\u00f3 en tot moment a la part inferior de la nostra Web a l&#8217;enlla\u00e7 &#8220;Pol\u00edtica de cookies&#8221;.<\/p><h2>\u00a0<\/h2><h2>Qu\u00e8 s\u00f3n les cookies?<\/h2><p>Una cookie \u00e9s un petit fitxer de text que un lloc web emmagatzema al navegador de l&#8217;usuari. Les cookies faciliten l&#8217;\u00fas i la navegaci\u00f3 per una p\u00e0gina web i s\u00f3n essencials pel funcionament d&#8217;internet, aportant innombrables avantatges en la prestaci\u00f3 de serveis interactius.<\/p><p>En funci\u00f3 de la durada, distingim entre cookies de \u201csessi\u00f3\u201d o \u201cpersistents\u201d. Les cookies de sessi\u00f3 s&#8217;esborraran un cop abandonis la p\u00e0gina web que les va generar i les cookies persistents romandran al teu ordinador durant un termini determinat.<\/p><p>Aix\u00ed mateix, segons quina sigui l&#8217;entitat que gestioni l&#8217;equip o el domini des del qual s&#8217;envien les cookies i tracti les dades que s&#8217;obtinguin, podem distingir entre cookies \u201cpr\u00f2pies\u201d o de \u201ctercers\u201d. Les primeres s\u00f3n les que s&#8217;envien al teu l&#8217;ordinador des d&#8217;un equip o domini gestionat per Viena i des del qual es presta el servei sol\u00b7licitat per l&#8217;usuari, mentre que les cookies de tercers s\u00f3n les que s&#8217;envien al teu equip terminal des d&#8217;un equip o domini que no \u00e9s gestionat per Viena o que tot i ser gestionat per Viena, \u00e9s una altra entitat la que tracta les dades obtingudes a trav\u00e9s de les cookies per a les seves pr\u00f2pies finalitats. Pots trobar m\u00e9s informaci\u00f3 sobre cookies a www.allaboutcookies.org\/ca.<\/p><p><em>Altres tecnologies similars<\/em><\/p><p>A m\u00e9s de la informaci\u00f3 recollida a trav\u00e9s de les cookies, \u00e9s possible que utilitzem altres tecnologies similars com a p\u00edxels de seguiment o web beacons.<\/p><p>Els p\u00edxels s\u00f3n petits fitxers gr\u00e0fics que inclouen un codi gestionat a trav\u00e9s de la url d&#8217;un tercer i que permeten que la informaci\u00f3 recollida sobre l&#8217;\u00fas del lloc web pugui ser utilitzada per a finalitats anal\u00edtiques i publicit\u00e0ries.<\/p><h2>\u00a0<\/h2><h2>Quines cookies utilitzem?<\/h2><p>A la nostra Web utilitzem cookies t\u00e8cniques necess\u00e0ries, anal\u00edtiques, de prefer\u00e8ncies, de xarxes socials i de publicitat.<\/p><p>Ser\u00e0s informat degudament en funci\u00f3 de la tipologia de cookies a trav\u00e9s dels seg\u00fcents apartats establerts a aquest efecte sobre si la informaci\u00f3 recollida a trav\u00e9s d&#8217;aquestes pot ser tractada per tercers com a corresponsables de la titularitat de la informaci\u00f3 obtinguda.<\/p><h4>Cookies t\u00e8cniques necess\u00e0ries<\/h4><p>S\u00f3n aquelles que permeten a l&#8217;usuari la navegaci\u00f3 a trav\u00e9s d&#8217;una p\u00e0gina web, plataforma o aplicaci\u00f3 i la utilitzaci\u00f3 de les diferents opcions o serveis que hi hagi, incloent-hi aquelles que Viena utilitza per permetre la gesti\u00f3 i operativa de la p\u00e0gina web i habilitar-ne les funcions i serveis com, per exemple, controlar el tr\u00e0nsit i la comunicaci\u00f3 de les dades, identificar la sessi\u00f3, accedir a parts d\u2019acc\u00e9s restringit, fer la sol\u00b7licitud d&#8217;inscripci\u00f3 o participaci\u00f3 a un esdeveniment, utilitzar elements de seguretat durant la navegaci\u00f3, emmagatzemar continguts per a la difusi\u00f3 de v\u00eddeos o so, habilitar continguts din\u00e0mics (per exemple, animaci\u00f3 de c\u00e0rrega d\u2019un text o imatge) o compartir continguts a trav\u00e9s de xarxes socials.<\/p><p>Les cookies t\u00e8cniques estaran exceptuades del compliment de les obligacions establertes a l&#8217;article 22.2 de la LSSI quan permetin prestar el servei sol\u00b7licitat per l&#8217;usuari, com passa en el cas de les cookies enumerades al par\u00e0graf anterior. Us informem que si bloqueja l&#8217;\u00fas d&#8217;aquest tipus de cookies a trav\u00e9s de la configuraci\u00f3 del vostre navegador (veure apartat \u201cCom gestionar les cookies\u201d m\u00e9s endavant), \u00e9s possible que el Web no funcioni correctament.<\/p><p>Les cookies t\u00e8cniques utilitzades, tenen una durada m\u00ednima coincident amb la sessi\u00f3 i una durada m\u00e0xima persistent.<\/p><h4>Cookies de prefer\u00e8ncies o de personalitzaci\u00f3<\/h4><p>S\u00f3n aquelles que permeten recordar informaci\u00f3 perqu\u00e8 accediu al servei amb determinades caracter\u00edstiques que poden diferenciar la vostra experi\u00e8ncia de la d&#8217;altres usuaris com ara l&#8217;idioma, el nombre de resultats a mostrar quan fas una cerca, l&#8217;aspecte o contingut del servei en funci\u00f3 del tipus de navegador a trav\u00e9s del qual accedeixes al servei o la regi\u00f3 des de la que accediu al servei.<\/p><p>Les cookies de prefer\u00e8ncies o de personalitzaci\u00f3 utilitzades, tenen una durada m\u00ednima coincident amb la sessi\u00f3 i una durada m\u00e0xima persistent.\u00a0<\/p><h4>Cookies anal\u00edtiques<\/h4><p>Les cookies anal\u00edtiques s\u00f3n aquelles que ens permeten el teu seguiment i an\u00e0lisi del teu comportament a les p\u00e0gines web a les qu\u00e8 estiguin vinculades, incl\u00f2s el nombre de p\u00e0gines visitades, l&#8217;idioma utilitzat, la freq\u00fc\u00e8ncia i reincid\u00e8ncia de les visites, el temps de les visites i perman\u00e8ncia a cada apartat de la nostra Web, la quantificaci\u00f3 dels impactes dels anuncis o el navegador utilitzat, entre d&#8217;altres.<\/p><p>Les cookies anal\u00edtiques utilitzades tenen una durada m\u00ednima coincident amb la sessi\u00f3 y una durada m\u00e0xima de dos anys.<\/p><h4>Cookies publicit\u00e0ries<\/h4><p>S\u00f3n cookies que emmagatzemen informaci\u00f3 del teu comportament, obtinguda a trav\u00e9s de l&#8217;observaci\u00f3 continuada dels seus h\u00e0bits de navegaci\u00f3, cosa que permet desenvolupar un perfil espec\u00edfic per mostrar publicitat en funci\u00f3 del mateix. Normalment s\u00f3n administrades per tercers que gestionen els espais publicitaris que visualitzes en accedir a la nostra Web, o a la nostra publicitat a webs de tercers.<\/p><p>Les cookies publicit\u00e0ries utilitzades, tenen una durada m\u00ednima coincident amb la sessi\u00f3 i una durada m\u00e0xima persistent.\u00a0<\/p><h2>\u00a0<\/h2><h2>Qui utilitza les dades de les cookies?<\/h2><p>Tal com hem indicat als apartats anteriors, a la nostra Web utilitzem cookies pr\u00f2pies i de tercers.<\/p><p>Les cookies de tercers s\u00f3n gestionades directament per aquests i solen utilitzar les dades per a les seves pr\u00f2pies finalitats. Tota la informaci\u00f3 la pots trobar a l&#8217;apartat anterior o al mateix configurador de cookies, aix\u00ed com a les pr\u00f2pies pol\u00edtiques dels tercers identificats a cada apartat.<\/p><h2>\u00a0<\/h2><h2>On es tracta la teva informaci\u00f3?<\/h2><p>A l&#8217;utilitzar cookies de tercers, \u00e9s possible que les vostres dades puguin ser transferides fora de l&#8217;Espai Econ\u00f2mic Europeu o a pa\u00efsos amb un nivell de protecci\u00f3 adequat segons la normativa aplicable. Segons el pa\u00eds de destinaci\u00f3, aquesta transfer\u00e8ncia pot suposar una transfer\u00e8ncia internacional de dades a pa\u00efsos que no ofereixen les garanties adequades. En aquests sup\u00f2sits, Viena adopta les mesures necess\u00e0ries per garantir la seguretat del tractament.\u00a0<\/p><h2>\u00a0<\/h2><h2>Com gestionar les cookies?<\/h2><p>Al visitar per primera vegada la nostra Web, us oferim la possibilitat de configurar les cookies que vulgueu instal\u00b7lar o rebutjar. Podr\u00e0s rebutjar la instal\u00b7laci\u00f3 de qualsevol categoria de cookie excepte les t\u00e8cniques, que s\u00f3n necess\u00e0ries per al correcte funcionament de la Web.<\/p><p>En qualsevol cas, tindr\u00e0 en tot moment la possibilitat d&#8217;acceptar o rebutjar la instal\u00b7laci\u00f3 de cookies o b\u00e9 rebutjar la instal\u00b7laci\u00f3 d&#8217;un determinat tipus de cookie, modificant les prefer\u00e8ncies del teu navegador web.<\/p><p>Aix\u00ed mateix, a trav\u00e9s del teu navegador web pots activar la navegaci\u00f3 privada o activar la funci\u00f3 de no rastrejar. Tingues en compte que el bloqueig de cookies pot afectar totes o algunes de les funcionalitats de la nostra Web. Per a la teva comoditat, a continuaci\u00f3, et proporcionem els links d&#8217;ajuda per a la configuraci\u00f3 de cookies dels principals navegadors:<\/p><table width=\"558\"><tbody><tr><td width=\"170\"><p>Microsoft Internet Explorer<\/p><\/td><td width=\"388\"><p><a href=\"https:\/\/support.microsoft.com\/es-es\/topic\/eliminar-y-administrar-cookies-168dab11-0753-043d-7c16-ede5947fc64d\">https:\/\/support.microsoft.com\/es-es\/topic\/eliminar-y-administrar-cookies-168dab11-0753-043d-7c16-ede5947fc64d<\/a><\/p><\/td><\/tr><tr><td width=\"170\"><p>Apple Safari<\/p><\/td><td width=\"388\"><p><a href=\"https:\/\/support.apple.com\/es-es\/guide\/safari\/sfri11471\/mac\">https:\/\/support.apple.com\/es-es\/guide\/safari\/sfri11471\/mac<\/a><\/p><\/td><\/tr><tr><td width=\"170\"><p>Google Chrome<\/p><\/td><td width=\"388\"><p><a href=\"https:\/\/support.google.com\/chrome\/answer\/95647?hl=es\">https:\/\/support.google.com\/chrome\/answer\/95647?hl=es<\/a><\/p><\/td><\/tr><tr><td width=\"170\"><p>Mozilla Firefox<\/p><\/td><td width=\"388\"><p><a href=\"https:\/\/support.mozilla.org\/es\/kb\/habilitar-y-deshabilitar-cookies-sitios-web-rastrear-preferencias?redirectlocale=es&amp;redirectslug=habilitar-y-deshabilitar-cookies-que-los-sitios-we\">https:\/\/support.mozilla.org\/es\/kb\/habilitar-y-deshabilitar-cookies-sitios-web-rastrear-preferencias?redirectlocale=es&amp;redirectslug=habilitar-y-deshabilitar-cookies-que-los-sitios-we<\/a><\/p><\/td><\/tr><\/tbody><\/table><p>Els links anteriors es poden actualitzar per part de les empreses desenvolupadores dels navegadors. Viena posar\u00e0 tots els esfor\u00e7os raonables a mantenir el llistat anterior degudament actualitzat. No obstant aix\u00f2, si algun link no funcion\u00e9s degudament o no estigu\u00e9s actualitzat, sempre pots adre\u00e7ar-te al men\u00fa \u201cAjuda\u201d del teu navegador per obtenir aquesta informaci\u00f3.\u00a0<\/p><h2><strong>\u00a0<\/strong><\/h2><h2><strong>Informaci\u00f3 adicional<\/strong><\/h2><p>Per a m\u00e9s informaci\u00f3 sobre la manera com pots exercir els teus drets d&#8217;acc\u00e9s, rectificaci\u00f3, supressi\u00f3, limitaci\u00f3 del tractament i portabilitat o qualsevol altra q\u00fcesti\u00f3 relativa al tractament de dades que realitzem mitjan\u00e7ant l&#8217;\u00fas de les cookies, pots consultar la Pol\u00edtica de Privadesa de la nostra Web.<\/p><h2><strong>\u00a0<\/strong><\/h2><h2><strong>Actualitzaci\u00f3 Pol\u00edtica de cookies.\u00a0<\/strong><\/h2><p>Aquesta Pol\u00edtica de Cookies es podr\u00e0 modificar o actualitzar en qualsevol moment. Per aix\u00f2, et recomanem que la revisis cada cop que accedeixis a aquesta Web.<\/p><p>Actualitzada per \u00faltima vegada: 22 d&#8217;abril de 2022.\u00a0<\/p>\t\t\t\t\t\t\t\t<\/div>\n\t\t\t\t<\/div>\n\t\t\t\t\t<\/div>\n\t\t<\/div>\n\t\t\t\t\t<\/div>\n\t\t<\/section>\n\t\t\t\t<\/div>\n\t\t","protected":false},"excerpt":{"rendered":"<p>POL\u00cdTICA D&#8217;\u00daS DE COOKIES Establiments Viena, S.A., en endavant \u201cViena\u201d, ha desenvolupat aquesta pol\u00edtica per informar-te de qu\u00e8 \u00e9s una cookie i per a qu\u00e8 serveix, quines cookies fem servir en aquesta p\u00e0gina web (la \u201cWeb\u201d) i explicar-te com configurar-les segons els teus interessos, tal i com exigeix l\u2019article 22.1 de la Llei 34\/2002, de [&hellip;]<\/p>\n","protected":false},"author":1,"featured_media":0,"parent":0,"menu_order":0,"comment_status":"closed","ping_status":"closed","template":"","meta":{"footnotes":""},"class_list":["post-37368","page","type-page","status-publish","hentry"],"yoast_head":"<!-- This site is optimized with the Yoast SEO plugin v24.4 - https:\/\/yoast.com\/wordpress\/plugins\/seo\/ -->\n<title>Pol\u00edtica de cookies - Viena<\/title>\n<meta name=\"robots\" content=\"index, follow, max-snippet:-1, max-image-preview:large, max-video-preview:-1\" \/>\n<link rel=\"canonical\" href=\"https:\/\/www.viena.es\/ca\/politica-de-cookies\/\" \/>\n<meta property=\"og:locale\" content=\"ca_ES\" \/>\n<meta property=\"og:type\" content=\"article\" \/>\n<meta property=\"og:title\" content=\"Pol\u00edtica de cookies - Viena\" \/>\n<meta property=\"og:description\" content=\"POL\u00cdTICA D&#8217;\u00daS DE COOKIES Establiments Viena, S.A., en endavant \u201cViena\u201d, ha desenvolupat aquesta pol\u00edtica per informar-te de qu\u00e8 \u00e9s una cookie i per a qu\u00e8 serveix, quines cookies fem servir en aquesta p\u00e0gina web (la \u201cWeb\u201d) i explicar-te com configurar-les segons els teus interessos, tal i com exigeix l\u2019article 22.1 de la Llei 34\/2002, de [&hellip;]\" \/>\n<meta property=\"og:url\" content=\"https:\/\/www.viena.es\/ca\/politica-de-cookies\/\" \/>\n<meta property=\"og:site_name\" content=\"Viena\" \/>\n<meta property=\"article:publisher\" content=\"http:\/\/www.facebook.com\/VienaSocVienes\" \/>\n<meta property=\"article:modified_time\" content=\"2022-05-19T13:34:34+00:00\" \/>\n<meta name=\"twitter:card\" content=\"summary_large_image\" \/>\n<meta name=\"twitter:label1\" content=\"Temps estimat de lectura\" \/>\n\t<meta name=\"twitter:data1\" content=\"7 minuts\" \/>\n<script type=\"application\/ld+json\" class=\"yoast-schema-graph\">{\"@context\":\"https:\/\/schema.org\",\"@graph\":[{\"@type\":\"WebPage\",\"@id\":\"https:\/\/www.viena.es\/ca\/politica-de-cookies\/\",\"url\":\"https:\/\/www.viena.es\/ca\/politica-de-cookies\/\",\"name\":\"Pol\u00edtica de cookies - Viena\",\"isPartOf\":{\"@id\":\"https:\/\/www.viena.es\/ca\/#website\"},\"datePublished\":\"2022-04-14T09:25:19+00:00\",\"dateModified\":\"2022-05-19T13:34:34+00:00\",\"breadcrumb\":{\"@id\":\"https:\/\/www.viena.es\/ca\/politica-de-cookies\/#breadcrumb\"},\"inLanguage\":\"ca\",\"potentialAction\":[{\"@type\":\"ReadAction\",\"target\":[\"https:\/\/www.viena.es\/ca\/politica-de-cookies\/\"]}]},{\"@type\":\"BreadcrumbList\",\"@id\":\"https:\/\/www.viena.es\/ca\/politica-de-cookies\/#breadcrumb\",\"itemListElement\":[{\"@type\":\"ListItem\",\"position\":1,\"name\":\"Home\",\"item\":\"https:\/\/www.viena.es\/ca\/\"},{\"@type\":\"ListItem\",\"position\":2,\"name\":\"Pol\u00edtica de cookies\"}]},{\"@type\":\"WebSite\",\"@id\":\"https:\/\/www.viena.es\/ca\/#website\",\"url\":\"https:\/\/www.viena.es\/ca\/\",\"name\":\"Viena\",\"description\":\"\",\"publisher\":{\"@id\":\"https:\/\/www.viena.es\/ca\/#organization\"},\"potentialAction\":[{\"@type\":\"SearchAction\",\"target\":{\"@type\":\"EntryPoint\",\"urlTemplate\":\"https:\/\/www.viena.es\/ca\/?s={search_term_string}\"},\"query-input\":{\"@type\":\"PropertyValueSpecification\",\"valueRequired\":true,\"valueName\":\"search_term_string\"}}],\"inLanguage\":\"ca\"},{\"@type\":\"Organization\",\"@id\":\"https:\/\/www.viena.es\/ca\/#organization\",\"name\":\"Viena\",\"url\":\"https:\/\/www.viena.es\/ca\/\",\"logo\":{\"@type\":\"ImageObject\",\"inLanguage\":\"ca\",\"@id\":\"https:\/\/www.viena.es\/ca\/#\/schema\/logo\/image\/\",\"url\":\"https:\/\/www.viena.es\/wp-content\/uploads\/2022\/06\/viena-logo.png\",\"contentUrl\":\"https:\/\/www.viena.es\/wp-content\/uploads\/2022\/06\/viena-logo.png\",\"width\":256,\"height\":52,\"caption\":\"Viena\"},\"image\":{\"@id\":\"https:\/\/www.viena.es\/ca\/#\/schema\/logo\/image\/\"},\"sameAs\":[\"http:\/\/www.facebook.com\/VienaSocVienes\",\"http:\/\/www.instagram.com\/Vienasocvienes\"]}]}<\/script>\n<!-- \/ Yoast SEO plugin. -->","yoast_head_json":{"title":"Pol\u00edtica de cookies - Viena","robots":{"index":"index","follow":"follow","max-snippet":"max-snippet:-1","max-image-preview":"max-image-preview:large","max-video-preview":"max-video-preview:-1"},"canonical":"https:\/\/www.viena.es\/ca\/politica-de-cookies\/","og_locale":"ca_ES","og_type":"article","og_title":"Pol\u00edtica de cookies - Viena","og_description":"POL\u00cdTICA D&#8217;\u00daS DE COOKIES Establiments Viena, S.A., en endavant \u201cViena\u201d, ha desenvolupat aquesta pol\u00edtica per informar-te de qu\u00e8 \u00e9s una cookie i per a qu\u00e8 serveix, quines cookies fem servir en aquesta p\u00e0gina web (la \u201cWeb\u201d) i explicar-te com configurar-les segons els teus interessos, tal i com exigeix l\u2019article 22.1 de la Llei 34\/2002, de [&hellip;]","og_url":"https:\/\/www.viena.es\/ca\/politica-de-cookies\/","og_site_name":"Viena","article_publisher":"http:\/\/www.facebook.com\/VienaSocVienes","article_modified_time":"2022-05-19T13:34:34+00:00","twitter_card":"summary_large_image","twitter_misc":{"Temps estimat de lectura":"7 minuts"},"schema":{"@context":"https:\/\/schema.org","@graph":[{"@type":"WebPage","@id":"https:\/\/www.viena.es\/ca\/politica-de-cookies\/","url":"https:\/\/www.viena.es\/ca\/politica-de-cookies\/","name":"Pol\u00edtica de cookies - Viena","isPartOf":{"@id":"https:\/\/www.viena.es\/ca\/#website"},"datePublished":"2022-04-14T09:25:19+00:00","dateModified":"2022-05-19T13:34:34+00:00","breadcrumb":{"@id":"https:\/\/www.viena.es\/ca\/politica-de-cookies\/#breadcrumb"},"inLanguage":"ca","potentialAction":[{"@type":"ReadAction","target":["https:\/\/www.viena.es\/ca\/politica-de-cookies\/"]}]},{"@type":"BreadcrumbList","@id":"https:\/\/www.viena.es\/ca\/politica-de-cookies\/#breadcrumb","itemListElement":[{"@type":"ListItem","position":1,"name":"Home","item":"https:\/\/www.viena.es\/ca\/"},{"@type":"ListItem","position":2,"name":"Pol\u00edtica de cookies"}]},{"@type":"WebSite","@id":"https:\/\/www.viena.es\/ca\/#website","url":"https:\/\/www.viena.es\/ca\/","name":"Viena","description":"","publisher":{"@id":"https:\/\/www.viena.es\/ca\/#organization"},"potentialAction":[{"@type":"SearchAction","target":{"@type":"EntryPoint","urlTemplate":"https:\/\/www.viena.es\/ca\/?s={search_term_string}"},"query-input":{"@type":"PropertyValueSpecification","valueRequired":true,"valueName":"search_term_string"}}],"inLanguage":"ca"},{"@type":"Organization","@id":"https:\/\/www.viena.es\/ca\/#organization","name":"Viena","url":"https:\/\/www.viena.es\/ca\/","logo":{"@type":"ImageObject","inLanguage":"ca","@id":"https:\/\/www.viena.es\/ca\/#\/schema\/logo\/image\/","url":"https:\/\/www.viena.es\/wp-content\/uploads\/2022\/06\/viena-logo.png","contentUrl":"https:\/\/www.viena.es\/wp-content\/uploads\/2022\/06\/viena-logo.png","width":256,"height":52,"caption":"Viena"},"image":{"@id":"https:\/\/www.viena.es\/ca\/#\/schema\/logo\/image\/"},"sameAs":["http:\/\/www.facebook.com\/VienaSocVienes","http:\/\/www.instagram.com\/Vienasocvienes"]}]}},"_links":{"self":[{"href":"https:\/\/www.viena.es\/ca\/wp-json\/wp\/v2\/pages\/37368","targetHints":{"allow":["GET"]}}],"collection":[{"href":"https:\/\/www.viena.es\/ca\/wp-json\/wp\/v2\/pages"}],"about":[{"href":"https:\/\/www.viena.es\/ca\/wp-json\/wp\/v2\/types\/page"}],"author":[{"embeddable":true,"href":"https:\/\/www.viena.es\/ca\/wp-json\/wp\/v2\/users\/1"}],"replies":[{"embeddable":true,"href":"https:\/\/www.viena.es\/ca\/wp-json\/wp\/v2\/comments?post=37368"}],"version-history":[{"count":34,"href":"https:\/\/www.viena.es\/ca\/wp-json\/wp\/v2\/pages\/37368\/revisions"}],"predecessor-version":[{"id":41566,"href":"https:\/\/www.viena.es\/ca\/wp-json\/wp\/v2\/pages\/37368\/revisions\/41566"}],"wp:attachment":[{"href":"https:\/\/www.viena.es\/ca\/wp-json\/wp\/v2\/media?parent=37368"}],"curies":[{"name":"wp","href":"https:\/\/api.w.org\/{rel}","templated":true}]}}