 {"id":222,"date":"2019-03-26T13:36:00","date_gmt":"2019-03-26T11:36:00","guid":{"rendered":"https:\/\/www.viena.es\/?page_id=222"},"modified":"2025-12-23T15:06:23","modified_gmt":"2025-12-23T14:06:23","slug":"politica-videovigilancia","status":"publish","type":"page","link":"https:\/\/www.viena.es\/ca\/politica-videovigilancia\/","title":{"rendered":"Pol\u00edtica Videovigil\u00e0ncia"},"content":{"rendered":"\t\t<div data-elementor-type=\"wp-page\" data-elementor-id=\"222\" class=\"elementor elementor-222\">\n\t\t\t\t\t\t<section class=\"elementor-section elementor-top-section elementor-element elementor-element-7879936 elementor-section-boxed elementor-section-height-default elementor-section-height-default\" data-id=\"7879936\" data-element_type=\"section\" data-e-type=\"section\">\n\t\t\t\t\t\t<div class=\"elementor-container elementor-column-gap-default\">\n\t\t\t\t\t<div class=\"elementor-column elementor-col-100 elementor-top-column elementor-element elementor-element-82764d7\" data-id=\"82764d7\" data-element_type=\"column\" data-e-type=\"column\">\n\t\t\t<div class=\"elementor-widget-wrap elementor-element-populated\">\n\t\t\t\t\t\t<div class=\"elementor-element elementor-element-8b9438e elementor-widget elementor-widget-text-editor\" data-id=\"8b9438e\" data-element_type=\"widget\" data-e-type=\"widget\" data-widget_type=\"text-editor.default\">\n\t\t\t\t<div class=\"elementor-widget-container\">\n\t\t\t\t\t\t\t\t\t<h1>Pol\u00edtica Privacitat Videovigil\u00e0ncia<\/h1><p>D\u2019acord amb el Reglament (UE) 2016\/679, del 27 d\u2019abril de 2016, relatiu a la protecci\u00f3 de les persones f\u00edsiques pel que fa al tractament de dades personals i a la lliure circulaci\u00f3 d\u2019aquestes dades (RGPD) i la resta de normativa aplicable, Establiments Viena, S.A. (d\u2019ara endavant, Viena) l\u2019informa:<\/p><p>1. Que les instal\u00b7lacions d\u2019Establiments Viena, S.A. estan equipades amb sistemes de videovigil\u00e0ncia.<\/p><p>2. Que el responsable del tractament \u00e9s Establiments Viena, S.A., amb domicili social al C\/ de Vinyals n\u00fam. 61, 08221 Terrassa (Barcelona), i que les seves dades personals \u00fanicament seran tractades per Viena i no seran cedides a tercers, llevat que existeixi obligaci\u00f3 legal. En concret, es comunicaran a les Forces i Cossos de Seguretat de l\u2019Estat i a Jutges i Tribunals.<\/p><p>3. Que la base de legitimaci\u00f3 per al tractament \u00e9s l\u2019inter\u00e8s p\u00fablic, d\u2019acord amb el que estableix la normativa vigent.<\/p><p>4. Que les dades personals captades mitjan\u00e7ant els sistemes de videovigil\u00e0ncia, tant de clients com de visitants a qualsevol depend\u00e8ncia d\u2019Establiments Viena, S.A. (tant locals com oficines o f\u00e0briques), seran recollides i tractades amb la finalitat de:<\/p><p>\u2022 Vigil\u00e0ncia i seguretat de les instal\u00b7lacions i dels b\u00e9ns<\/p><p>\u2022 Control d\u2019entrada i sortida de les instal\u00b7lacions<\/p><p>5. Aix\u00ed mateix, els sistemes de videovigil\u00e0ncia de qualsevol depend\u00e8ncia d\u2019Establiments Viena, S.A. podran ser utilitzats amb finalitats de supervisi\u00f3 i control del compliment de les obligacions laborals de tots els seus empleats i col\u00b7laboradors. Aquesta supervisi\u00f3 i control es duen a terme en compliment de, i de conformitat amb, les potestats atorgades per la normativa laboral vigent.<\/p><p>6. Qualsevol interessat podr\u00e0 exercir els seus drets d\u2019acc\u00e9s, rectificaci\u00f3, supressi\u00f3, limitaci\u00f3 del tractament, portabilitat de les dades i oposici\u00f3 davant del responsable del tractament, enviant la seva sol\u00b7licitud per escrit, acompanyada d\u2019una c\u00f2pia del seu DNI, adre\u00e7ada al Departament de M\u00e0rqueting amb domicili al C\/ de Vinyals n\u00fam. 61, 08221 Terrassa (Barcelona), o mitjan\u00e7ant l\u2019enviament d\u2019un correu electr\u00f2nic, tamb\u00e9 amb una c\u00f2pia del seu DNI, a\u00a0<a href=\"mailto:protecciondedatos@viena.es\">protecciondedatos@viena.es<\/a>.<\/p><p>7. Si tingu\u00e9s qualsevol dubte, q\u00fcesti\u00f3 o reclamaci\u00f3 sobre la manera com tractem les seves dades personals, pot posar-se en contacte amb el nostre Delegat de Protecci\u00f3 de Dades a l\u2019adre\u00e7a de correu electr\u00f2nic <a href=\"mailto:protecciondedatos@viena.es\">protecciondedatos@viena.es<\/a>.<\/p><p>8. Conservarem les seves dades personals durant un termini de 30 dies, llevat dels casos de supervisi\u00f3 d\u2019obligacions laborals i, amb la finalitat de garantir els processos de manipulaci\u00f3 aliment\u00e0ria, en qu\u00e8 les dades es conservaran durant un termini de sis mesos. En aquests casos, les imatges romandran bloquejades i xifrades.<\/p><p>9. L\u2019informem que podr\u00e0 exercir el seu dret de reclamaci\u00f3 davant l\u2019autoritat de control competent, que a Espanya \u00e9s l\u2019Ag\u00e8ncia Espanyola de Protecci\u00f3 de Dades, a\u00a0<a href=\"https:\/\/www.aepd.es\/\" target=\"_blank\" rel=\"noopener\">www.agpd.es.<\/a><\/p>\t\t\t\t\t\t\t\t<\/div>\n\t\t\t\t<\/div>\n\t\t\t\t\t<\/div>\n\t\t<\/div>\n\t\t\t\t\t<\/div>\n\t\t<\/section>\n\t\t\t\t<\/div>\n\t\t","protected":false},"excerpt":{"rendered":"<p>Pol\u00edtica Privacitat Videovigil\u00e0ncia D\u2019acord amb el Reglament (UE) 2016\/679, del 27 d\u2019abril de 2016, relatiu a la protecci\u00f3 de les persones f\u00edsiques pel que fa al tractament de dades personals i a la lliure circulaci\u00f3 d\u2019aquestes dades (RGPD) i la resta de normativa aplicable, Establiments Viena, S.A. (d\u2019ara endavant, Viena) l\u2019informa: 1. Que les instal\u00b7lacions [&hellip;]<\/p>\n","protected":false},"author":1,"featured_media":0,"parent":0,"menu_order":0,"comment_status":"closed","ping_status":"closed","template":"","meta":{"footnotes":""},"class_list":["post-222","page","type-page","status-publish","hentry"],"yoast_head":"<!-- This site is optimized with the Yoast SEO plugin v24.4 - https:\/\/yoast.com\/wordpress\/plugins\/seo\/ -->\n<title>Pol\u00edtica Videovigil\u00e0ncia - Viena<\/title>\n<meta name=\"robots\" content=\"index, follow, max-snippet:-1, max-image-preview:large, max-video-preview:-1\" \/>\n<link rel=\"canonical\" href=\"https:\/\/www.viena.es\/ca\/politica-videovigilancia\/\" \/>\n<meta property=\"og:locale\" content=\"ca_ES\" \/>\n<meta property=\"og:type\" content=\"article\" \/>\n<meta property=\"og:title\" content=\"Pol\u00edtica Videovigil\u00e0ncia - Viena\" \/>\n<meta property=\"og:description\" content=\"Pol\u00edtica Privacitat Videovigil\u00e0ncia D\u2019acord amb el Reglament (UE) 2016\/679, del 27 d\u2019abril de 2016, relatiu a la protecci\u00f3 de les persones f\u00edsiques pel que fa al tractament de dades personals i a la lliure circulaci\u00f3 d\u2019aquestes dades (RGPD) i la resta de normativa aplicable, Establiments Viena, S.A. (d\u2019ara endavant, Viena) l\u2019informa: 1. Que les instal\u00b7lacions [&hellip;]\" \/>\n<meta property=\"og:url\" content=\"https:\/\/www.viena.es\/ca\/politica-videovigilancia\/\" \/>\n<meta property=\"og:site_name\" content=\"Viena\" \/>\n<meta property=\"article:publisher\" content=\"http:\/\/www.facebook.com\/VienaSocVienes\" \/>\n<meta property=\"article:modified_time\" content=\"2025-12-23T14:06:23+00:00\" \/>\n<meta name=\"twitter:card\" content=\"summary_large_image\" \/>\n<meta name=\"twitter:label1\" content=\"Temps estimat de lectura\" \/>\n\t<meta name=\"twitter:data1\" content=\"2 minuts\" \/>\n<script type=\"application\/ld+json\" class=\"yoast-schema-graph\">{\"@context\":\"https:\/\/schema.org\",\"@graph\":[{\"@type\":\"WebPage\",\"@id\":\"https:\/\/www.viena.es\/ca\/politica-videovigilancia\/\",\"url\":\"https:\/\/www.viena.es\/ca\/politica-videovigilancia\/\",\"name\":\"Pol\u00edtica Videovigil\u00e0ncia - Viena\",\"isPartOf\":{\"@id\":\"https:\/\/www.viena.es\/ca\/#website\"},\"datePublished\":\"2019-03-26T11:36:00+00:00\",\"dateModified\":\"2025-12-23T14:06:23+00:00\",\"breadcrumb\":{\"@id\":\"https:\/\/www.viena.es\/ca\/politica-videovigilancia\/#breadcrumb\"},\"inLanguage\":\"ca\",\"potentialAction\":[{\"@type\":\"ReadAction\",\"target\":[\"https:\/\/www.viena.es\/ca\/politica-videovigilancia\/\"]}]},{\"@type\":\"BreadcrumbList\",\"@id\":\"https:\/\/www.viena.es\/ca\/politica-videovigilancia\/#breadcrumb\",\"itemListElement\":[{\"@type\":\"ListItem\",\"position\":1,\"name\":\"Home\",\"item\":\"https:\/\/www.viena.es\/ca\/\"},{\"@type\":\"ListItem\",\"position\":2,\"name\":\"Pol\u00edtica Videovigil\u00e0ncia\"}]},{\"@type\":\"WebSite\",\"@id\":\"https:\/\/www.viena.es\/ca\/#website\",\"url\":\"https:\/\/www.viena.es\/ca\/\",\"name\":\"Viena\",\"description\":\"\",\"publisher\":{\"@id\":\"https:\/\/www.viena.es\/ca\/#organization\"},\"potentialAction\":[{\"@type\":\"SearchAction\",\"target\":{\"@type\":\"EntryPoint\",\"urlTemplate\":\"https:\/\/www.viena.es\/ca\/?s={search_term_string}\"},\"query-input\":{\"@type\":\"PropertyValueSpecification\",\"valueRequired\":true,\"valueName\":\"search_term_string\"}}],\"inLanguage\":\"ca\"},{\"@type\":\"Organization\",\"@id\":\"https:\/\/www.viena.es\/ca\/#organization\",\"name\":\"Viena\",\"url\":\"https:\/\/www.viena.es\/ca\/\",\"logo\":{\"@type\":\"ImageObject\",\"inLanguage\":\"ca\",\"@id\":\"https:\/\/www.viena.es\/ca\/#\/schema\/logo\/image\/\",\"url\":\"https:\/\/www.viena.es\/wp-content\/uploads\/2022\/06\/viena-logo.png\",\"contentUrl\":\"https:\/\/www.viena.es\/wp-content\/uploads\/2022\/06\/viena-logo.png\",\"width\":256,\"height\":52,\"caption\":\"Viena\"},\"image\":{\"@id\":\"https:\/\/www.viena.es\/ca\/#\/schema\/logo\/image\/\"},\"sameAs\":[\"http:\/\/www.facebook.com\/VienaSocVienes\",\"http:\/\/www.instagram.com\/Vienasocvienes\"]}]}<\/script>\n<!-- \/ Yoast SEO plugin. -->","yoast_head_json":{"title":"Pol\u00edtica Videovigil\u00e0ncia - Viena","robots":{"index":"index","follow":"follow","max-snippet":"max-snippet:-1","max-image-preview":"max-image-preview:large","max-video-preview":"max-video-preview:-1"},"canonical":"https:\/\/www.viena.es\/ca\/politica-videovigilancia\/","og_locale":"ca_ES","og_type":"article","og_title":"Pol\u00edtica Videovigil\u00e0ncia - Viena","og_description":"Pol\u00edtica Privacitat Videovigil\u00e0ncia D\u2019acord amb el Reglament (UE) 2016\/679, del 27 d\u2019abril de 2016, relatiu a la protecci\u00f3 de les persones f\u00edsiques pel que fa al tractament de dades personals i a la lliure circulaci\u00f3 d\u2019aquestes dades (RGPD) i la resta de normativa aplicable, Establiments Viena, S.A. (d\u2019ara endavant, Viena) l\u2019informa: 1. Que les instal\u00b7lacions [&hellip;]","og_url":"https:\/\/www.viena.es\/ca\/politica-videovigilancia\/","og_site_name":"Viena","article_publisher":"http:\/\/www.facebook.com\/VienaSocVienes","article_modified_time":"2025-12-23T14:06:23+00:00","twitter_card":"summary_large_image","twitter_misc":{"Temps estimat de lectura":"2 minuts"},"schema":{"@context":"https:\/\/schema.org","@graph":[{"@type":"WebPage","@id":"https:\/\/www.viena.es\/ca\/politica-videovigilancia\/","url":"https:\/\/www.viena.es\/ca\/politica-videovigilancia\/","name":"Pol\u00edtica Videovigil\u00e0ncia - Viena","isPartOf":{"@id":"https:\/\/www.viena.es\/ca\/#website"},"datePublished":"2019-03-26T11:36:00+00:00","dateModified":"2025-12-23T14:06:23+00:00","breadcrumb":{"@id":"https:\/\/www.viena.es\/ca\/politica-videovigilancia\/#breadcrumb"},"inLanguage":"ca","potentialAction":[{"@type":"ReadAction","target":["https:\/\/www.viena.es\/ca\/politica-videovigilancia\/"]}]},{"@type":"BreadcrumbList","@id":"https:\/\/www.viena.es\/ca\/politica-videovigilancia\/#breadcrumb","itemListElement":[{"@type":"ListItem","position":1,"name":"Home","item":"https:\/\/www.viena.es\/ca\/"},{"@type":"ListItem","position":2,"name":"Pol\u00edtica Videovigil\u00e0ncia"}]},{"@type":"WebSite","@id":"https:\/\/www.viena.es\/ca\/#website","url":"https:\/\/www.viena.es\/ca\/","name":"Viena","description":"","publisher":{"@id":"https:\/\/www.viena.es\/ca\/#organization"},"potentialAction":[{"@type":"SearchAction","target":{"@type":"EntryPoint","urlTemplate":"https:\/\/www.viena.es\/ca\/?s={search_term_string}"},"query-input":{"@type":"PropertyValueSpecification","valueRequired":true,"valueName":"search_term_string"}}],"inLanguage":"ca"},{"@type":"Organization","@id":"https:\/\/www.viena.es\/ca\/#organization","name":"Viena","url":"https:\/\/www.viena.es\/ca\/","logo":{"@type":"ImageObject","inLanguage":"ca","@id":"https:\/\/www.viena.es\/ca\/#\/schema\/logo\/image\/","url":"https:\/\/www.viena.es\/wp-content\/uploads\/2022\/06\/viena-logo.png","contentUrl":"https:\/\/www.viena.es\/wp-content\/uploads\/2022\/06\/viena-logo.png","width":256,"height":52,"caption":"Viena"},"image":{"@id":"https:\/\/www.viena.es\/ca\/#\/schema\/logo\/image\/"},"sameAs":["http:\/\/www.facebook.com\/VienaSocVienes","http:\/\/www.instagram.com\/Vienasocvienes"]}]}},"_links":{"self":[{"href":"https:\/\/www.viena.es\/ca\/wp-json\/wp\/v2\/pages\/222","targetHints":{"allow":["GET"]}}],"collection":[{"href":"https:\/\/www.viena.es\/ca\/wp-json\/wp\/v2\/pages"}],"about":[{"href":"https:\/\/www.viena.es\/ca\/wp-json\/wp\/v2\/types\/page"}],"author":[{"embeddable":true,"href":"https:\/\/www.viena.es\/ca\/wp-json\/wp\/v2\/users\/1"}],"replies":[{"embeddable":true,"href":"https:\/\/www.viena.es\/ca\/wp-json\/wp\/v2\/comments?post=222"}],"version-history":[{"count":12,"href":"https:\/\/www.viena.es\/ca\/wp-json\/wp\/v2\/pages\/222\/revisions"}],"predecessor-version":[{"id":54159,"href":"https:\/\/www.viena.es\/ca\/wp-json\/wp\/v2\/pages\/222\/revisions\/54159"}],"wp:attachment":[{"href":"https:\/\/www.viena.es\/ca\/wp-json\/wp\/v2\/media?parent=222"}],"curies":[{"name":"wp","href":"https:\/\/api.w.org\/{rel}","templated":true}]}}