 {"id":214,"date":"2018-05-29T10:40:00","date_gmt":"2018-05-29T08:40:00","guid":{"rendered":"https:\/\/www.viena.es\/?page_id=214"},"modified":"2024-05-10T13:07:18","modified_gmt":"2024-05-10T11:07:18","slug":"politica-de-privacitat","status":"publish","type":"page","link":"https:\/\/www.viena.es\/ca\/politica-de-privacitat\/","title":{"rendered":"Pol\u00edtica de privacitat"},"content":{"rendered":"\t\t<div data-elementor-type=\"wp-page\" data-elementor-id=\"214\" class=\"elementor elementor-214\">\n\t\t\t\t\t\t<section class=\"elementor-section elementor-top-section elementor-element elementor-element-4754319 elementor-section-boxed elementor-section-height-default elementor-section-height-default\" data-id=\"4754319\" data-element_type=\"section\" data-e-type=\"section\">\n\t\t\t\t\t\t<div class=\"elementor-container elementor-column-gap-default\">\n\t\t\t\t\t<div class=\"elementor-column elementor-col-100 elementor-top-column elementor-element elementor-element-0102d15\" data-id=\"0102d15\" data-element_type=\"column\" data-e-type=\"column\">\n\t\t\t<div class=\"elementor-widget-wrap elementor-element-populated\">\n\t\t\t\t\t\t<div class=\"elementor-element elementor-element-31d84ce elementor-widget elementor-widget-text-editor\" data-id=\"31d84ce\" data-element_type=\"widget\" data-e-type=\"widget\" data-widget_type=\"text-editor.default\">\n\t\t\t\t<div class=\"elementor-widget-container\">\n\t\t\t\t\t\t\t\t\t<h1>SEGURETAT I PROTECCI\u00d3 DE DADES DE CAR\u00c0CTER PERSONAL<\/h1><h2>Privacitat i Protecci\u00f3 de dades personals<\/h2><p>Com a norma general la utilitzaci\u00f3 de la web d\u2019Establiments Viena, S.A. (d&#8217;ara endavant, VIENA), no requereix com a condici\u00f3 pr\u00e8via que els usuaris revelin les seves dades personals.<\/p><p>No obstant l&#8217;anterior, l&#8217;usuari podr\u00e0 remetre al responsable del tractament, VIENA, amb domicili social en C\/ de Vinyals n\u00fam. 61, 08221 Terrassa (Barcelona), les seves dades de car\u00e0cter personal a trav\u00e9s dels diferents formularis que a aquest efecte poden disposar-se en la p\u00e0gina web. Aquests formularis inclouen informaci\u00f3 concreta sobre les finalitats per a les quals les seves dades seran tractades, en compliment a les exig\u00e8ncies establertes en el Reglament General de Protecci\u00f3 de Dades (RGPD) i restant legislaci\u00f3 vigent en mat\u00e8ria de protecci\u00f3 de dades de car\u00e0cter personal. Les seves dades personals seran tractats per VIENA de manera confidencial i nom\u00e9s per a aquelles finalitats que vost\u00e8 hagi consentit.<\/p><p>L&#8217;informem que les seves dades no seran cedides, venudes, llogades o posades a disposici\u00f3 de cap altra forma a cap tercer, excepte a aquells prove\u00efdors de serveis de VIENA els qui realitzen determinades activitats per a la companyia (com per exemple, l&#8217;enviament de les comunicacions, prove\u00efdors de serveis inform\u00e0tics, etc), per\u00f2 en cap cas per a les seves finalitats pr\u00f2pies.<\/p><p>\u00a0<\/p><h2>Possibles finalitats i bases de legitimaci\u00f3<\/h2><p>L&#8217;informem que les dades personals que Vost\u00e8 ens faciliti podran seran tractats per Establiments Viena, S. A. per a les seg\u00fcents finalitats:<\/p>\t\t\t\t\t\t\t\t<\/div>\n\t\t\t\t<\/div>\n\t\t\t\t<div class=\"elementor-element elementor-element-0de4d1d elementor-widget elementor-widget-image\" data-id=\"0de4d1d\" data-element_type=\"widget\" data-e-type=\"widget\" data-widget_type=\"image.default\">\n\t\t\t\t<div class=\"elementor-widget-container\">\n\t\t\t\t\t\t\t\t\t\t\t\t\t\t\t<img fetchpriority=\"high\" decoding=\"async\" width=\"863\" height=\"1200\" src=\"https:\/\/www.viena.es\/wp-content\/uploads\/2024\/05\/quadres-privacitat-web_FINALITATS-CAT-863x1200.webp\" class=\"attachment-large size-large wp-image-51391 img-fluid \" alt=\"\" srcset=\"https:\/\/www.viena.es\/wp-content\/uploads\/2024\/05\/quadres-privacitat-web_FINALITATS-CAT-863x1200.webp 863w, https:\/\/www.viena.es\/wp-content\/uploads\/2024\/05\/quadres-privacitat-web_FINALITATS-CAT-552x768.webp 552w, https:\/\/www.viena.es\/wp-content\/uploads\/2024\/05\/quadres-privacitat-web_FINALITATS-CAT-768x1068.webp 768w, https:\/\/www.viena.es\/wp-content\/uploads\/2024\/05\/quadres-privacitat-web_FINALITATS-CAT-1104x1536.webp 1104w, https:\/\/www.viena.es\/wp-content\/uploads\/2024\/05\/quadres-privacitat-web_FINALITATS-CAT-1473x2048.webp 1473w, https:\/\/www.viena.es\/wp-content\/uploads\/2024\/05\/quadres-privacitat-web_FINALITATS-CAT-scaled.webp 1841w\" sizes=\"(max-width: 863px) 100vw, 863px\" \/>\t\t\t\t\t\t\t\t\t\t\t\t\t\t\t<\/div>\n\t\t\t\t<\/div>\n\t\t\t\t<div class=\"elementor-element elementor-element-e6fde88 elementor-widget elementor-widget-text-editor\" data-id=\"e6fde88\" data-element_type=\"widget\" data-e-type=\"widget\" data-widget_type=\"text-editor.default\">\n\t\t\t\t<div class=\"elementor-widget-container\">\n\t\t\t\t\t\t\t\t\t<p>Les categories de dades tractades en cada tractament seran les identificades en els formularis de recollida de dades.<\/p><p>&nbsp;<\/p>\n<h2><span style=\"font-size: calc(1.325rem + 0.9vw);\">Terminis de conservaci\u00f3<\/span><\/h2>\n<p>Les seves dades es conservaran durant el termini establert d&#8217;acord amb el que s&#8217;estableix en el quadre seg\u00fcent, tret que vost\u00e8 consenti que es conservi durant un termini superior, sense perjudici de conservaci\u00f3 i manteniment sota el degut bloqueig per a la seva posada a la disposici\u00f3 de les autoritats. Recordi que pot retirar el seu consentiment en qualsevol moment.<\/p>\t\t\t\t\t\t\t\t<\/div>\n\t\t\t\t<\/div>\n\t\t\t\t<div class=\"elementor-element elementor-element-8ed85ee elementor-widget elementor-widget-image\" data-id=\"8ed85ee\" data-element_type=\"widget\" data-e-type=\"widget\" data-widget_type=\"image.default\">\n\t\t\t\t<div class=\"elementor-widget-container\">\n\t\t\t\t\t\t\t\t\t\t\t\t\t\t\t<img decoding=\"async\" width=\"845\" height=\"1200\" src=\"https:\/\/www.viena.es\/wp-content\/uploads\/2024\/05\/quadres-privacitat-web_CONSERVACIO-CAT-845x1200.webp\" class=\"attachment-large size-large wp-image-51388 img-fluid \" alt=\"\" srcset=\"https:\/\/www.viena.es\/wp-content\/uploads\/2024\/05\/quadres-privacitat-web_CONSERVACIO-CAT-845x1200.webp 845w, https:\/\/www.viena.es\/wp-content\/uploads\/2024\/05\/quadres-privacitat-web_CONSERVACIO-CAT-541x768.webp 541w, https:\/\/www.viena.es\/wp-content\/uploads\/2024\/05\/quadres-privacitat-web_CONSERVACIO-CAT-768x1090.webp 768w, https:\/\/www.viena.es\/wp-content\/uploads\/2024\/05\/quadres-privacitat-web_CONSERVACIO-CAT-1082x1536.webp 1082w, https:\/\/www.viena.es\/wp-content\/uploads\/2024\/05\/quadres-privacitat-web_CONSERVACIO-CAT-1443x2048.webp 1443w, https:\/\/www.viena.es\/wp-content\/uploads\/2024\/05\/quadres-privacitat-web_CONSERVACIO-CAT-scaled.webp 1804w\" sizes=\"(max-width: 845px) 100vw, 845px\" \/>\t\t\t\t\t\t\t\t\t\t\t\t\t\t\t<\/div>\n\t\t\t\t<\/div>\n\t\t\t\t<div class=\"elementor-element elementor-element-abb328c elementor-widget elementor-widget-text-editor\" data-id=\"abb328c\" data-element_type=\"widget\" data-e-type=\"widget\" data-widget_type=\"text-editor.default\">\n\t\t\t\t<div class=\"elementor-widget-container\">\n\t\t\t\t\t\t\t\t\t<h2><strong>Cessi\u00f3 de drets d&#8217;imatge per a campanyes de publicitat<\/strong><\/h2><p>En el cas de les persones treballadores de VIENA que prestin el seu consentiment per a participar en les campanyes de publicitat mitjan\u00e7ant la cessi\u00f3 de la seva imatge ho faran d&#8217;acord amb els termes i condicions que seran facilitats a aquest efecte amb car\u00e0cter previ a la cessi\u00f3, en els quals s&#8217;indicaran aspectes espec\u00edfics de la cessi\u00f3 com ara els suports, la durada de la cessi\u00f3, el territori, etc.<\/p><p>Amb l\u2019objectiu de que la informaci\u00f3 continguda als nostres fitxers estigui sempre actualitzada, preguem als nostres usuaris que ens comuniquin, el m\u00e9s aviat possible, les modificacions i rectificacions de les seves dades de car\u00e0cter personal.<\/p><p>VIENA li recorda que podr\u00e0 exercir el seu dret de reclamaci\u00f3 davant l\u2019autoritat de control competent, Ag\u00e8ncia Espanyola de Protecci\u00f3 de Dades en\u00a0<a href=\"http:\/\/www.aepd.es\/\" target=\"_blank\" rel=\"noopener\">www.aepd.es<\/a><\/p><p>\u00a0<\/p><h2><strong>Exercici de drets i reclamacions davant l&#8217;AEPD<\/strong><\/h2><p>Podr\u00e0 exercitar els seus drets d&#8217;acc\u00e9s, rectificaci\u00f3, supressi\u00f3, limitaci\u00f3 del tractament, portabilitat de les dades i oposici\u00f3, a trav\u00e9s de l&#8217;enviament d&#8217;un correu electr\u00f2nic a l&#8217;adre\u00e7a <a href=\"mailto:protecciondedatos@viena.es\">protecciondedatos@viena.es<\/a>, o si el prefereix, per mitj\u00e0 de correu postal dirigit a l&#8217;adre\u00e7a C\/ de Vinyals n\u00fam. 61, 08221 Terrassa (Barcelona), en el qual l&#8217;Usuari s&#8217;identificar\u00e0 i indicar\u00e0 amb claredat l&#8217;objecte de la seva sol\u00b7licitud.<\/p><p>A fi de que la informaci\u00f3 continguda en els nostres fitxers estigui sempre actualitzada preguem als nostres usuaris que ens comuniquin, al m\u00e9s aviat possible, les modificacions i rectificacions de les seves dades de car\u00e0cter personal.<\/p><p>VIENA li recorda que podr\u00e0 exercir el seu dret de reclamaci\u00f3 davant l&#8217;autoritat de control competent, Ag\u00e8ncia Espanyola de Protecci\u00f3 de Dades en <a href=\"https:\/\/www.agpd.es\">www.agpd.es<\/a>.<\/p><p>\u00a0<\/p><h2><strong>Dades de contacte del Delegat de Protecci\u00f3 de Dades<\/strong><\/h2><p>Si tingu\u00e9s qualsevol dubte, q\u00fcesti\u00f3 o reclamaci\u00f3 sobre la forma en la qual tractem les seves dades personals, pot posar-se en contacte amb el nostre Delegat de Protecci\u00f3 de Dades, en l&#8217;adre\u00e7a de correu electr\u00f2nic <a href=\"mailto:protecciondedatos@viena.es\">protecciondedatos@viena.es<\/a>.<\/p><p>\u00a0<\/p><p><strong style=\"font-size: 2rem;\">Nivells de Seguretat<\/strong><\/p><p>La informaci\u00f3 rebuda per VIENA a trav\u00e9s de la present p\u00e0gina Web ser\u00e0 tractada amb la m\u00e0xima reserva i confidencialitat. Aix\u00ed mateix, en resposta a la preocupaci\u00f3 de VIENA per garantir la seguretat i confidencialitat de les seves dades personals, hem adoptat tots els mitjans t\u00e8cnics al nostre abast per a evitar la p\u00e8rdua, mal \u00fas, alteraci\u00f3, acc\u00e9s no autoritzat i robatori de les dades personals facilitades a trav\u00e9s del Lloc web. En tot cas, ha de tenir-se en compte que les mesures de seguretat en Internet no s\u00f3n inexpugnables.<\/p>\t\t\t\t\t\t\t\t<\/div>\n\t\t\t\t<\/div>\n\t\t\t\t\t<\/div>\n\t\t<\/div>\n\t\t\t\t\t<\/div>\n\t\t<\/section>\n\t\t\t\t<\/div>\n\t\t","protected":false},"excerpt":{"rendered":"<p>SEGURETAT I PROTECCI\u00d3 DE DADES DE CAR\u00c0CTER PERSONAL Privacitat i Protecci\u00f3 de dades personals Com a norma general la utilitzaci\u00f3 de la web d\u2019Establiments Viena, S.A. (d&#8217;ara endavant, VIENA), no requereix com a condici\u00f3 pr\u00e8via que els usuaris revelin les seves dades personals. No obstant l&#8217;anterior, l&#8217;usuari podr\u00e0 remetre al responsable del tractament, VIENA, amb [&hellip;]<\/p>\n","protected":false},"author":1,"featured_media":0,"parent":0,"menu_order":0,"comment_status":"closed","ping_status":"closed","template":"","meta":{"footnotes":""},"class_list":["post-214","page","type-page","status-publish","hentry"],"yoast_head":"<!-- This site is optimized with the Yoast SEO plugin v24.4 - https:\/\/yoast.com\/wordpress\/plugins\/seo\/ -->\n<title>Pol\u00edtica de privacitat - Viena<\/title>\n<meta name=\"robots\" content=\"index, follow, max-snippet:-1, max-image-preview:large, max-video-preview:-1\" \/>\n<link rel=\"canonical\" href=\"https:\/\/www.viena.es\/ca\/politica-de-privacitat\/\" \/>\n<meta property=\"og:locale\" content=\"ca_ES\" \/>\n<meta property=\"og:type\" content=\"article\" \/>\n<meta property=\"og:title\" content=\"Pol\u00edtica de privacitat - Viena\" \/>\n<meta property=\"og:description\" content=\"SEGURETAT I PROTECCI\u00d3 DE DADES DE CAR\u00c0CTER PERSONAL Privacitat i Protecci\u00f3 de dades personals Com a norma general la utilitzaci\u00f3 de la web d\u2019Establiments Viena, S.A. (d&#8217;ara endavant, VIENA), no requereix com a condici\u00f3 pr\u00e8via que els usuaris revelin les seves dades personals. No obstant l&#8217;anterior, l&#8217;usuari podr\u00e0 remetre al responsable del tractament, VIENA, amb [&hellip;]\" \/>\n<meta property=\"og:url\" content=\"https:\/\/www.viena.es\/ca\/politica-de-privacitat\/\" \/>\n<meta property=\"og:site_name\" content=\"Viena\" \/>\n<meta property=\"article:publisher\" content=\"http:\/\/www.facebook.com\/VienaSocVienes\" \/>\n<meta property=\"article:modified_time\" content=\"2024-05-10T11:07:18+00:00\" \/>\n<meta property=\"og:image\" content=\"https:\/\/www.viena.es\/wp-content\/uploads\/2024\/05\/quadres-privacitat-web_FINALITATS-CAT-863x1200.webp\" \/>\n<meta name=\"twitter:card\" content=\"summary_large_image\" \/>\n<meta name=\"twitter:label1\" content=\"Temps estimat de lectura\" \/>\n\t<meta name=\"twitter:data1\" content=\"4 minuts\" \/>\n<script type=\"application\/ld+json\" class=\"yoast-schema-graph\">{\"@context\":\"https:\/\/schema.org\",\"@graph\":[{\"@type\":\"WebPage\",\"@id\":\"https:\/\/www.viena.es\/ca\/politica-de-privacitat\/\",\"url\":\"https:\/\/www.viena.es\/ca\/politica-de-privacitat\/\",\"name\":\"Pol\u00edtica de privacitat - Viena\",\"isPartOf\":{\"@id\":\"https:\/\/www.viena.es\/ca\/#website\"},\"primaryImageOfPage\":{\"@id\":\"https:\/\/www.viena.es\/ca\/politica-de-privacitat\/#primaryimage\"},\"image\":{\"@id\":\"https:\/\/www.viena.es\/ca\/politica-de-privacitat\/#primaryimage\"},\"thumbnailUrl\":\"https:\/\/www.viena.es\/wp-content\/uploads\/2024\/05\/quadres-privacitat-web_FINALITATS-CAT-863x1200.webp\",\"datePublished\":\"2018-05-29T08:40:00+00:00\",\"dateModified\":\"2024-05-10T11:07:18+00:00\",\"breadcrumb\":{\"@id\":\"https:\/\/www.viena.es\/ca\/politica-de-privacitat\/#breadcrumb\"},\"inLanguage\":\"ca\",\"potentialAction\":[{\"@type\":\"ReadAction\",\"target\":[\"https:\/\/www.viena.es\/ca\/politica-de-privacitat\/\"]}]},{\"@type\":\"ImageObject\",\"inLanguage\":\"ca\",\"@id\":\"https:\/\/www.viena.es\/ca\/politica-de-privacitat\/#primaryimage\",\"url\":\"https:\/\/www.viena.es\/wp-content\/uploads\/2024\/05\/quadres-privacitat-web_FINALITATS-CAT-863x1200.webp\",\"contentUrl\":\"https:\/\/www.viena.es\/wp-content\/uploads\/2024\/05\/quadres-privacitat-web_FINALITATS-CAT-863x1200.webp\"},{\"@type\":\"BreadcrumbList\",\"@id\":\"https:\/\/www.viena.es\/ca\/politica-de-privacitat\/#breadcrumb\",\"itemListElement\":[{\"@type\":\"ListItem\",\"position\":1,\"name\":\"Home\",\"item\":\"https:\/\/www.viena.es\/ca\/\"},{\"@type\":\"ListItem\",\"position\":2,\"name\":\"Pol\u00edtica de privacitat\"}]},{\"@type\":\"WebSite\",\"@id\":\"https:\/\/www.viena.es\/ca\/#website\",\"url\":\"https:\/\/www.viena.es\/ca\/\",\"name\":\"Viena\",\"description\":\"\",\"publisher\":{\"@id\":\"https:\/\/www.viena.es\/ca\/#organization\"},\"potentialAction\":[{\"@type\":\"SearchAction\",\"target\":{\"@type\":\"EntryPoint\",\"urlTemplate\":\"https:\/\/www.viena.es\/ca\/?s={search_term_string}\"},\"query-input\":{\"@type\":\"PropertyValueSpecification\",\"valueRequired\":true,\"valueName\":\"search_term_string\"}}],\"inLanguage\":\"ca\"},{\"@type\":\"Organization\",\"@id\":\"https:\/\/www.viena.es\/ca\/#organization\",\"name\":\"Viena\",\"url\":\"https:\/\/www.viena.es\/ca\/\",\"logo\":{\"@type\":\"ImageObject\",\"inLanguage\":\"ca\",\"@id\":\"https:\/\/www.viena.es\/ca\/#\/schema\/logo\/image\/\",\"url\":\"https:\/\/www.viena.es\/wp-content\/uploads\/2022\/06\/viena-logo.png\",\"contentUrl\":\"https:\/\/www.viena.es\/wp-content\/uploads\/2022\/06\/viena-logo.png\",\"width\":256,\"height\":52,\"caption\":\"Viena\"},\"image\":{\"@id\":\"https:\/\/www.viena.es\/ca\/#\/schema\/logo\/image\/\"},\"sameAs\":[\"http:\/\/www.facebook.com\/VienaSocVienes\",\"http:\/\/www.instagram.com\/Vienasocvienes\"]}]}<\/script>\n<!-- \/ Yoast SEO plugin. -->","yoast_head_json":{"title":"Pol\u00edtica de privacitat - Viena","robots":{"index":"index","follow":"follow","max-snippet":"max-snippet:-1","max-image-preview":"max-image-preview:large","max-video-preview":"max-video-preview:-1"},"canonical":"https:\/\/www.viena.es\/ca\/politica-de-privacitat\/","og_locale":"ca_ES","og_type":"article","og_title":"Pol\u00edtica de privacitat - Viena","og_description":"SEGURETAT I PROTECCI\u00d3 DE DADES DE CAR\u00c0CTER PERSONAL Privacitat i Protecci\u00f3 de dades personals Com a norma general la utilitzaci\u00f3 de la web d\u2019Establiments Viena, S.A. (d&#8217;ara endavant, VIENA), no requereix com a condici\u00f3 pr\u00e8via que els usuaris revelin les seves dades personals. No obstant l&#8217;anterior, l&#8217;usuari podr\u00e0 remetre al responsable del tractament, VIENA, amb [&hellip;]","og_url":"https:\/\/www.viena.es\/ca\/politica-de-privacitat\/","og_site_name":"Viena","article_publisher":"http:\/\/www.facebook.com\/VienaSocVienes","article_modified_time":"2024-05-10T11:07:18+00:00","og_image":[{"url":"https:\/\/www.viena.es\/wp-content\/uploads\/2024\/05\/quadres-privacitat-web_FINALITATS-CAT-863x1200.webp","type":"","width":"","height":""}],"twitter_card":"summary_large_image","twitter_misc":{"Temps estimat de lectura":"4 minuts"},"schema":{"@context":"https:\/\/schema.org","@graph":[{"@type":"WebPage","@id":"https:\/\/www.viena.es\/ca\/politica-de-privacitat\/","url":"https:\/\/www.viena.es\/ca\/politica-de-privacitat\/","name":"Pol\u00edtica de privacitat - Viena","isPartOf":{"@id":"https:\/\/www.viena.es\/ca\/#website"},"primaryImageOfPage":{"@id":"https:\/\/www.viena.es\/ca\/politica-de-privacitat\/#primaryimage"},"image":{"@id":"https:\/\/www.viena.es\/ca\/politica-de-privacitat\/#primaryimage"},"thumbnailUrl":"https:\/\/www.viena.es\/wp-content\/uploads\/2024\/05\/quadres-privacitat-web_FINALITATS-CAT-863x1200.webp","datePublished":"2018-05-29T08:40:00+00:00","dateModified":"2024-05-10T11:07:18+00:00","breadcrumb":{"@id":"https:\/\/www.viena.es\/ca\/politica-de-privacitat\/#breadcrumb"},"inLanguage":"ca","potentialAction":[{"@type":"ReadAction","target":["https:\/\/www.viena.es\/ca\/politica-de-privacitat\/"]}]},{"@type":"ImageObject","inLanguage":"ca","@id":"https:\/\/www.viena.es\/ca\/politica-de-privacitat\/#primaryimage","url":"https:\/\/www.viena.es\/wp-content\/uploads\/2024\/05\/quadres-privacitat-web_FINALITATS-CAT-863x1200.webp","contentUrl":"https:\/\/www.viena.es\/wp-content\/uploads\/2024\/05\/quadres-privacitat-web_FINALITATS-CAT-863x1200.webp"},{"@type":"BreadcrumbList","@id":"https:\/\/www.viena.es\/ca\/politica-de-privacitat\/#breadcrumb","itemListElement":[{"@type":"ListItem","position":1,"name":"Home","item":"https:\/\/www.viena.es\/ca\/"},{"@type":"ListItem","position":2,"name":"Pol\u00edtica de privacitat"}]},{"@type":"WebSite","@id":"https:\/\/www.viena.es\/ca\/#website","url":"https:\/\/www.viena.es\/ca\/","name":"Viena","description":"","publisher":{"@id":"https:\/\/www.viena.es\/ca\/#organization"},"potentialAction":[{"@type":"SearchAction","target":{"@type":"EntryPoint","urlTemplate":"https:\/\/www.viena.es\/ca\/?s={search_term_string}"},"query-input":{"@type":"PropertyValueSpecification","valueRequired":true,"valueName":"search_term_string"}}],"inLanguage":"ca"},{"@type":"Organization","@id":"https:\/\/www.viena.es\/ca\/#organization","name":"Viena","url":"https:\/\/www.viena.es\/ca\/","logo":{"@type":"ImageObject","inLanguage":"ca","@id":"https:\/\/www.viena.es\/ca\/#\/schema\/logo\/image\/","url":"https:\/\/www.viena.es\/wp-content\/uploads\/2022\/06\/viena-logo.png","contentUrl":"https:\/\/www.viena.es\/wp-content\/uploads\/2022\/06\/viena-logo.png","width":256,"height":52,"caption":"Viena"},"image":{"@id":"https:\/\/www.viena.es\/ca\/#\/schema\/logo\/image\/"},"sameAs":["http:\/\/www.facebook.com\/VienaSocVienes","http:\/\/www.instagram.com\/Vienasocvienes"]}]}},"_links":{"self":[{"href":"https:\/\/www.viena.es\/ca\/wp-json\/wp\/v2\/pages\/214","targetHints":{"allow":["GET"]}}],"collection":[{"href":"https:\/\/www.viena.es\/ca\/wp-json\/wp\/v2\/pages"}],"about":[{"href":"https:\/\/www.viena.es\/ca\/wp-json\/wp\/v2\/types\/page"}],"author":[{"embeddable":true,"href":"https:\/\/www.viena.es\/ca\/wp-json\/wp\/v2\/users\/1"}],"replies":[{"embeddable":true,"href":"https:\/\/www.viena.es\/ca\/wp-json\/wp\/v2\/comments?post=214"}],"version-history":[{"count":70,"href":"https:\/\/www.viena.es\/ca\/wp-json\/wp\/v2\/pages\/214\/revisions"}],"predecessor-version":[{"id":51402,"href":"https:\/\/www.viena.es\/ca\/wp-json\/wp\/v2\/pages\/214\/revisions\/51402"}],"wp:attachment":[{"href":"https:\/\/www.viena.es\/ca\/wp-json\/wp\/v2\/media?parent=214"}],"curies":[{"name":"wp","href":"https:\/\/api.w.org\/{rel}","templated":true}]}}