 {"id":207,"date":"2017-01-21T18:34:00","date_gmt":"2017-01-21T16:34:00","guid":{"rendered":"https:\/\/www.viena.es\/?page_id=207"},"modified":"2025-03-10T13:45:22","modified_gmt":"2025-03-10T12:45:22","slug":"avis-legal","status":"publish","type":"page","link":"https:\/\/www.viena.es\/ca\/avis-legal\/","title":{"rendered":"Av\u00eds legal"},"content":{"rendered":"\t\t<div data-elementor-type=\"wp-page\" data-elementor-id=\"207\" class=\"elementor elementor-207\">\n\t\t\t\t\t\t<section class=\"elementor-section elementor-top-section elementor-element elementor-element-47be132 elementor-section-boxed elementor-section-height-default elementor-section-height-default\" data-id=\"47be132\" data-element_type=\"section\" data-e-type=\"section\">\n\t\t\t\t\t\t<div class=\"elementor-container elementor-column-gap-default\">\n\t\t\t\t\t<div class=\"elementor-column elementor-col-100 elementor-top-column elementor-element elementor-element-233629f2\" data-id=\"233629f2\" data-element_type=\"column\" data-e-type=\"column\">\n\t\t\t<div class=\"elementor-widget-wrap elementor-element-populated\">\n\t\t\t\t\t\t<div class=\"elementor-element elementor-element-3531f4f9 elementor-widget elementor-widget-text-editor\" data-id=\"3531f4f9\" data-element_type=\"widget\" data-e-type=\"widget\" data-widget_type=\"text-editor.default\">\n\t\t\t\t<div class=\"elementor-widget-container\">\n\t\t\t\t\t\t\t\t\t\n<pre class=\"wp-block-code\"><code>  <\/code><\/pre>\n\t\t\t\t\t\t\t\t<\/div>\n\t\t\t\t<\/div>\n\t\t\t\t\t<\/div>\n\t\t<\/div>\n\t\t\t\t\t<\/div>\n\t\t<\/section>\n\t\t\t\t<section class=\"elementor-section elementor-top-section elementor-element elementor-element-ae60b49 elementor-section-boxed elementor-section-height-default elementor-section-height-default\" data-id=\"ae60b49\" data-element_type=\"section\" data-e-type=\"section\">\n\t\t\t\t\t\t<div class=\"elementor-container elementor-column-gap-default\">\n\t\t\t\t\t<div class=\"elementor-column elementor-col-100 elementor-top-column elementor-element elementor-element-3a00a47\" data-id=\"3a00a47\" data-element_type=\"column\" data-e-type=\"column\">\n\t\t\t<div class=\"elementor-widget-wrap elementor-element-populated\">\n\t\t\t\t\t\t<div class=\"elementor-element elementor-element-8523522 elementor-widget elementor-widget-text-editor\" data-id=\"8523522\" data-element_type=\"widget\" data-e-type=\"widget\" data-widget_type=\"text-editor.default\">\n\t\t\t\t<div class=\"elementor-widget-container\">\n\t\t\t\t\t\t\t\t\t<h1>Av\u00eds legal<\/h1>\n<p>La p\u00e0gina web <strong>www.viena.es\/www.viena.cat<\/strong> pertany a<strong> ESTABLIMENTS VIENA, S.A.,<\/strong> amb NIF A-08874489, inscrita en el Registre Mercantil de Barcelona, Tom 10143, Foli 43, Full N\u00ba B48476, amb domicili social a <strong>C\/ de Vinyals, 61 \u2013 08221 Terrassa (BARCELONA) <\/strong>i amb e-mail: <strong>viena@viena.es<\/strong>, a efectes de contacte. Aquesta informaci\u00f3 es proporciona en compliment del que es disposa en l\u2019article 10 de la Llei 34\/2002, d\u201911 de juliol, de serveis de la societat de la informaci\u00f3 i del comer\u00e7 electr\u00f2nic.<\/p>\n<h2>1. Condicions d\u2019\u00fas del lloc web<\/h2>\n<p>Les presents Condicions d&#8217;\u00fas regulen l&#8217;acc\u00e9s i la utilitzaci\u00f3 de la p\u00e0gina web <strong>www.viena.es\/www.viena.cat<\/strong> (en endavant, la Web) que ESTABLIMENTS VIENA, S.A. (en endavant, VIENA) posa a disposici\u00f3 dels usuaris a Internet. VIENA pot oferir serveis que podran quedar sotmesos a condicions particulars pr\u00f2pies sobre les que s\u2019informar\u00e0 a l&#8217;usuari per cada cas en concret. L\u2019acc\u00e9s i la navegaci\u00f3 a la present p\u00e0gina web implica l\u2019acceptaci\u00f3 sense reserves de les presents Condicions d\u2019\u00fas. Aquesta p\u00e0gina web va dirigida exclusivament a usuaris majors d\u2019edat (18 anys), amb excepci\u00f3 dels apartats referents a espai infantil Globus, i concursos o continguts interactius. En general no s\u2019exigeix el registre previ com usuari per l\u2019acc\u00e9s a la p\u00e0gina web, sens perjudici que per a la utilitzaci\u00f3 de determinats serveis o continguts es requereixi realitzar l\u2019esmentat registre.<\/p>\n<h2>2. \u00das correcte de la Web<\/h2>\n<p>L&#8217;usuari es compromet a utilitzar la web, els continguts i serveis de conformitat amb la Llei, les presents Condicions d&#8217;\u00fas, els bons costums i l&#8217;ordre p\u00fablic. De la mateixa manera, l&#8217;usuari s\u2019obliga a no utilitzar la web o els serveis que es prestin a trav\u00e9s d\u2019ella amb finalitats o efectes il\u00b7l\u00edcits o contraris a l\u2019establert en aquestes Condicions d\u00b4\u00fas, o que siguin lesius als interessos o drets de tercers, o que puguin danyar, inutilitzar o deteriorar la web, o impedir l\u2019\u00fas normal de la web per la resta dels usuaris. L\u2019usuari es compromet expressament a no destruir, alterar, inutilitzar, o danyar les dates, programes, o documents electr\u00f2nics que es trobin a la web. L\u2019usuari es compromet a no obstaculitzar l\u2019acc\u00e9s d\u2019altres usuaris al servei mitjan\u00e7ant un consum massiu dels recursos inform\u00e0tics a trav\u00e9s dels quals VIENA presta el servei, aix\u00ed com a no realitzar accions que facin malb\u00e9, interrompin o generin errors als sistemes. L\u2019usuari es compromet a no introduir programes, virus, macros, applets, controls ActiveX o qualsevol altre dispositiu l\u00f2gic o seq\u00fc\u00e8ncia de car\u00e0cters que causin o siguin susceptibles d\u2019ocasionar qualsevol tipus d\u2019alteraci\u00f3 als sistemes inform\u00e0tics de VIENA o de tercers.<\/p>\n<h2>3. Disponibilitat de la web<\/h2>\n<p>L&#8217;acc\u00e9s a la web es permet amb car\u00e0cter temporal, VIENA no t\u00e9 l\u2019obligaci\u00f3 de mantenir disponible la web. Tampoc existeix cap obligaci\u00f3 de mantenir la web actualitzada, pel que cap la possibilitat que la informaci\u00f3 facilitada sigui no sigui correcta. VIENA podr\u00e0 modificar, alterar o suprimir la p\u00e0gina web sense necessitat de consentiment o av\u00eds previ.<\/p>\n<h2>4. Protecci\u00f3 de Dades<\/h2>\n<p>L\u2019\u00fas de la present p\u00e0gina web no requereix del tractament de dades de car\u00e0cter personal, m\u00e9s enll\u00e0 d\u2019aquelles que en el seu cas puguin quedar enregistrades per la utilitzaci\u00f3 de Cookies, d\u2019acord amb l\u2019indicat en el punt seg\u00fcent i la <a href=\"http:\/\/www.viena.es\/politica-de-cookies\/\"><u>Pol\u00edtica de Cookies<\/u><\/a>. En el cas que algun apartat concret de la web requereixi del registre de l\u2019usuari, VIENA posar\u00e0 a la seva disposici\u00f3 la corresponent Pol\u00edtica de Privacitat, en la qual s\u2019indicar\u00e0 tota la informaci\u00f3 requerida per la normativa de protecci\u00f3 de dades, especialment la finalitat del tractament i l\u2019exercici de drets per part de l\u2019usuari.<\/p>\n<h2>5. Internet i els menors<\/h2>\n<p>VIENA, com a negoci enfocat a les fam\u00edlies, t\u00e9 una especial sensibilitat en la protecci\u00f3 de la inf\u00e0ncia. En aquest sentit, com indic\u00e0vem en l\u2019apartat 2 de les presents Condicions, aquesta web i els seus continguts van dirigits, principalment, a majors de 18 anys. Malgrat tot, alguns apartats s\u00ed que poden anar dirigits a menors, com per exemple l\u2019apartat de l\u2019espai infantil Globus, o de Concursos. Sempre que captem dades de menors demanarem l\u2019autoritzaci\u00f3 de pares o tutors, i les tractarem amb especial cura i protecci\u00f3, complint sempre amb la normativa vigent en mat\u00e8ria de protecci\u00f3 de dades de car\u00e0cter personal. A continuaci\u00f3, aprofitem per facilitar informaci\u00f3 rellevant per a l\u2019\u00fas d\u2019Internet i les noves tecnologies en l\u2019\u00e0mbit familiar i, sobretot, per part dels menors: Materials per a menors: <a href=\"http:\/\/www.tudecideseninternet.es\/agpd1\/images\/guias\/Guia_menores2016.pdf\">www.tudecideseninternet.es\/agpd1\/images\/guias\/Guia_menores2016.pdf<\/a> <a href=\"http:\/\/www.tudecideseninternet.es\/agpd1\/images\/guias\/guia-menor.compressed.pdf\">www.tudecideseninternet.es\/agpd1\/images\/guias\/guia-menor.compressed.pdf<\/a> Materials per a pares o formadors: <a href=\"http:\/\/www.tudecideseninternet.es\/agpd1\/images\/guias\/Guia_formadores2016.pdf\">www.tudecideseninternet.es\/agpd1\/images\/guias\/Guia_formadores2016.pdf<\/a> <a href=\"http:\/\/www.tudecideseninternet.es\/agpd1\/images\/guias\/guia-formadores.compressed.pdf\">www.tudecideseninternet.es\/agpd1\/images\/guias\/guia-formadores.compressed.pdf<\/a> Webs o projectes sobre protecci\u00f3 de menors i privacitat a Internet: <a href=\"http:\/\/www.tudecideseninternet.es\/agpd1\/\">www.tudecideseninternet.es\/agpd1\/<\/a> <a href=\"http:\/\/www.pantallasamigas.net\">www.pantallasamigas.net<\/a><\/p>\n<h2>6. Cookies<\/h2>\n<p>Fem servir Cookies per a diferents finalitats, d\u2019acord amb l\u2019indicat a la&nbsp;<a href=\"http:\/\/www.viena.es\/politica-de-cookies\/\"><u>Pol\u00edtica de Cookies<\/u><\/a>, on es descriu la informaci\u00f3 captada per les Cookies i les finalitats per les que aquestes s\u2019utilitzen, aix\u00ed com els mitjans habilitats per desactivar-les. Li preguem que llegeixi detingudament la mencionada pol\u00edtica.<\/p>\n<h2>7. Propietat intel\u00b7lectual i industrial<\/h2>\n<p>Els continguts proporcionats per VIENA estan subjectes als drets de propietat intel\u00b7lectual i industrial i s\u00f3n titularitat exclusiva de VIENA o de les persones f\u00edsiques o jur\u00eddiques que s\u2019informi. VIENA prohibeix a l\u2019usuari l\u2019alteraci\u00f3, explotaci\u00f3, reproducci\u00f3, distribuci\u00f3 o comunicaci\u00f3 p\u00fablica sobre el mateix, reservant-se VIENA tots aquests drets. A t\u00edtol d\u2019exemple i no limitatiu, s\u2019entenen compresos sota els drets de propietat intel\u00b7lectual i industrial qualsevol denominaci\u00f3, imatge, combinaci\u00f3 de colors, arxius d\u2019\u00e0udio o v\u00eddeo, software, botons, esl\u00f2gans, disseny i\/o logotip, codi font, interfases, aix\u00ed com l\u2019estructura, ordenaci\u00f3 i presentaci\u00f3 de qualsevol contingut o informaci\u00f3 de la web, i qualsevol producte o servei oferts i apareguts en aquesta p\u00e0gina web. Queden expressament prohibides, en tot cas, la reproducci\u00f3, c\u00f2pia, comunicaci\u00f3 p\u00fablica, distribuci\u00f3, modificaci\u00f3, transformaci\u00f3, supressi\u00f3, manipulaci\u00f3 i qualsevol altra forma d\u2019utilitzaci\u00f3, amb o sense \u00e0nim de lucre, de la totalitat o de part d\u2019aquesta web o qualsevol dels seus continguts sense la pr\u00e8via i expressa autoritzaci\u00f3 per escrit de VIENA. Aquesta prohibici\u00f3 es fa extensiva als dispositius t\u00e8cnics i mecanismes de protecci\u00f3 de la informaci\u00f3, quedant expressament prohibida la utilitzaci\u00f3 d\u2019informaci\u00f3 de qualsevol classe obtinguda mitjan\u00e7ant aquesta Web, aix\u00ed com l\u2019\u00fas de qualsevol dels seus continguts, amb finalitats o per mitjans publicitaris, promocionals i\/o comercials. Totes les marques aparegudes a la Web son titularitat de VIENA, les seves societats filials i\/o dominades per tercers que han atorgat el seu consentiment. Qualsevol \u00fas indegut de les mateixes per persones diferents del seu leg\u00edtim titular i sense el consentiment expr\u00e9s i inequ\u00edvoc per part d\u2019aquest, podr\u00e0 ser denunciat i perseguit a trav\u00e9s de tots els mitjans legals existents a l\u2019Ordenament Jur\u00eddic espanyol i\/o comunitari. Queda prohibit reproduir, transmetre, modificar o suprimir la informaci\u00f3, contingut o advert\u00e8ncies d\u2019aquesta p\u00e0gina web sense la pr\u00e8via autoritzaci\u00f3 per escrit de VIENA.<\/p>\n<h2>8. Xarxes Socials<\/h2>\n<p>L\u2019usuari podr\u00e0 unir-se a les comunitats que VIENA t\u00e9 (o tindr\u00e0) a les xarxes socials. L\u2018usuari que es faci fan o seguidor d\u2019aquestes comunitats accepta les condicions d\u2019\u00fas i la pol\u00edtica de privacitat de la xarxa social corresponent.<\/p>\n<h2>9. Enlla\u00e7os de tercers<\/h2>\n<p>Les presents Condicions d\u2019\u00fas fan refer\u00e8ncia \u00fanicament a la p\u00e0gina web i els continguts de VIENA. No s\u2019apliquen als enlla\u00e7os o a les p\u00e0gines web de tercers accessibles a trav\u00e9s de la p\u00e0gina web de VIENA. Els destins d\u2019aquests enlla\u00e7os no estan sota el control de VIENA, i VIENA no \u00e9s responsable del contingut de les p\u00e0gines web dest\u00ed d\u00b4un enlla\u00e7, ni de cap enlla\u00e7 incl\u00f2s a la p\u00e0gines web a la que s\u2019arribi des de la web de VIENA, ni de cap canvi o actualitzaci\u00f3 de les esmentades p\u00e0gines. Els enlla\u00e7os es proporcionen \u00fanicament per informar a l\u2019usuari sobre l\u2019exist\u00e8ncia d\u2019altres fonts d\u2019informaci\u00f3 sobre un tema concret. La inclusi\u00f3 d\u2019un enlla\u00e7 no implica l\u2019aprovaci\u00f3 de la p\u00e0gina web enlla\u00e7ada per part de VIENA.<\/p>\n<h2>10. Publicitat<\/h2>\n<p>Una part de la web pot albergar continguts publicitaris, o estar patrocinats. Els anunciants i patrocinadors s\u00f3n els \u00fanics responsables de garantir que el material rem\u00e9s per a la inclusi\u00f3 a la web compleix amb les lleis que en cada cas puguin \u00e9sser d\u2019aplicaci\u00f3. VIENA no ser\u00e0 responsable de qualsevol error, inexactitud o irregularitat que puguin incloure els continguts publicitaris o dels patrocinadors. Pot interposar qualsevol reclamaci\u00f3 relacionada amb els continguts publicitaris dirigint-se a la seg\u00fcent adre\u00e7a de correu electr\u00f2nic: <a href=\"mailto:viena@viena.es\" target=\"_blank\" rel=\"noopener noreferrer\">viena@viena.es<\/a><\/p>\n<h2>11. Exclusi\u00f3 de responsabilitat<\/h2>\n<p>VIENA no assumeix cap responsabilitat derivada de l\u2019\u00fas incorrecte, inapropiat o il\u00b7l\u00edcit de la informaci\u00f3 apareguda en les p\u00e0gines d\u2019Internet de VIENA<strong>.<\/strong> Amb els l\u00edmits establerts a la llei, VIENA no assumir\u00e0 cap responsabilitat derivada de la falta de veracitat, integritat, actualitzaci\u00f3 i precisi\u00f3 de les dades o informacions que contenen les seves p\u00e0gines d\u2019Internet. Els continguts i informaci\u00f3 de les p\u00e0gines d\u2019Internet de VIENA estan elaborades per professionals degudament qualificats per a l\u2019exercici de la seva professi\u00f3. No obstant, els continguts i la informaci\u00f3 no la vinculen, ni constitueixen opinions, consells o assessorament legal de cap tipus, ja que nom\u00e9s es tracta d\u2019un servei ofert amb car\u00e0cter informatiu i divulgatiu. En cap cas VIENA<strong>,<\/strong> les seves sucursals i\/o centres de treball, els seus directors i\/o apoderats, treballadors i, en general, el personal autoritzat ser\u00e0 responsable de qualsevol tipus de perjudici, p\u00e8rdua, reclamaci\u00f3 o despesa, tant si procedeix directa o indirectament, de l\u2019\u00fas i\/o difusi\u00f3 del web o de la informaci\u00f3 adquirida o accedida per o a trav\u00e9s d\u2019aquest o dels seus virus inform\u00e0tics, d\u2019errades operatives o d\u2019interrupcions en el serveis o transmissi\u00f3 o d\u2019errades en la l\u00ednia en l\u2019\u00fas de la web, tant per connexi\u00f3 directa com per vincle o altre mitj\u00e0, constituint a tots els efectes legals un av\u00eds a qualsevol usuari de que aquestes possibilitats i actes puguin succeir.<\/p>\n<h2>12. Llei aplicable i jurisdicci\u00f3<\/h2>\n<p>En el cas de que sorgeixi qualsevol conflicte o discrep\u00e0ncia a la interpretaci\u00f3 o aplicaci\u00f3 de les presents Condicions d\u00b4\u00fas, els Jutjats i Tribunals que, en el cas, con\u00e8ixer de l\u2019assumpte seran els que disposi la normativa aplicable en mat\u00e8ria de jurisdicci\u00f3 competent, i que tractant-se de consumidors finals es correspondr\u00e0 amb la del lloc de compliment de l\u2019obligaci\u00f3, o la del domicili del consumidor. Sens perjudici de la facultat de l\u2019usuari d\u2019acudir a la Junta Arbitral de Consum de la seva demarcaci\u00f3. En el cas de que l\u2019usuari sigui una empresa, ambdues parts es sotmeten, amb ren\u00fancia expressa a qualsevol altre fur, als Jutjats i Tribunals de Terrassa (Barcelona).<\/p>\t\t\t\t\t\t\t\t<\/div>\n\t\t\t\t<\/div>\n\t\t\t\t\t<\/div>\n\t\t<\/div>\n\t\t\t\t\t<\/div>\n\t\t<\/section>\n\t\t\t\t<section class=\"elementor-section elementor-top-section elementor-element elementor-element-48e6244 elementor-section-boxed elementor-section-height-default elementor-section-height-default\" data-id=\"48e6244\" data-element_type=\"section\" data-e-type=\"section\">\n\t\t\t\t\t\t<div class=\"elementor-container elementor-column-gap-default\">\n\t\t\t\t\t<div class=\"elementor-column elementor-col-100 elementor-top-column elementor-element elementor-element-ddeb336\" data-id=\"ddeb336\" data-element_type=\"column\" data-e-type=\"column\">\n\t\t\t<div class=\"elementor-widget-wrap elementor-element-populated\">\n\t\t\t\t\t\t<section class=\"elementor-section elementor-inner-section elementor-element elementor-element-b3d85a7 elementor-section-boxed elementor-section-height-default elementor-section-height-default\" data-id=\"b3d85a7\" data-element_type=\"section\" data-e-type=\"section\">\n\t\t\t\t\t\t<div class=\"elementor-container elementor-column-gap-default\">\n\t\t\t\t\t<div class=\"elementor-column elementor-col-50 elementor-inner-column elementor-element elementor-element-1992b5f\" data-id=\"1992b5f\" data-element_type=\"column\" data-e-type=\"column\">\n\t\t\t<div class=\"elementor-widget-wrap\">\n\t\t\t\t\t\t\t<\/div>\n\t\t<\/div>\n\t\t\t\t<div class=\"elementor-column elementor-col-50 elementor-inner-column elementor-element elementor-element-dfd3538\" data-id=\"dfd3538\" data-element_type=\"column\" data-e-type=\"column\">\n\t\t\t<div class=\"elementor-widget-wrap\">\n\t\t\t\t\t\t\t<\/div>\n\t\t<\/div>\n\t\t\t\t\t<\/div>\n\t\t<\/section>\n\t\t\t\t\t<\/div>\n\t\t<\/div>\n\t\t\t\t\t<\/div>\n\t\t<\/section>\n\t\t\t\t<\/div>\n\t\t","protected":false},"excerpt":{"rendered":"<p>Av\u00eds legal La p\u00e0gina web www.viena.es\/www.viena.cat pertany a ESTABLIMENTS VIENA, S.A., amb NIF A-08874489, inscrita en el Registre Mercantil de Barcelona, Tom 10143, Foli 43, Full N\u00ba B48476, amb domicili social a C\/ de Vinyals, 61 \u2013 08221 Terrassa (BARCELONA) i amb e-mail: viena@viena.es, a efectes de contacte. Aquesta informaci\u00f3 es proporciona en compliment del [&hellip;]<\/p>\n","protected":false},"author":1,"featured_media":0,"parent":0,"menu_order":0,"comment_status":"closed","ping_status":"closed","template":"","meta":{"footnotes":""},"class_list":["post-207","page","type-page","status-publish","hentry"],"yoast_head":"<!-- This site is optimized with the Yoast SEO plugin v24.4 - https:\/\/yoast.com\/wordpress\/plugins\/seo\/ -->\n<title>Av\u00eds legal - Viena<\/title>\n<meta name=\"robots\" content=\"index, follow, max-snippet:-1, max-image-preview:large, max-video-preview:-1\" \/>\n<link rel=\"canonical\" href=\"https:\/\/www.viena.es\/ca\/avis-legal\/\" \/>\n<meta property=\"og:locale\" content=\"ca_ES\" \/>\n<meta property=\"og:type\" content=\"article\" \/>\n<meta property=\"og:title\" content=\"Av\u00eds legal - Viena\" \/>\n<meta property=\"og:description\" content=\"Av\u00eds legal La p\u00e0gina web www.viena.es\/www.viena.cat pertany a ESTABLIMENTS VIENA, S.A., amb NIF A-08874489, inscrita en el Registre Mercantil de Barcelona, Tom 10143, Foli 43, Full N\u00ba B48476, amb domicili social a C\/ de Vinyals, 61 \u2013 08221 Terrassa (BARCELONA) i amb e-mail: viena@viena.es, a efectes de contacte. Aquesta informaci\u00f3 es proporciona en compliment del [&hellip;]\" \/>\n<meta property=\"og:url\" content=\"https:\/\/www.viena.es\/ca\/avis-legal\/\" \/>\n<meta property=\"og:site_name\" content=\"Viena\" \/>\n<meta property=\"article:publisher\" content=\"http:\/\/www.facebook.com\/VienaSocVienes\" \/>\n<meta property=\"article:modified_time\" content=\"2025-03-10T12:45:22+00:00\" \/>\n<meta name=\"twitter:card\" content=\"summary_large_image\" \/>\n<meta name=\"twitter:label1\" content=\"Temps estimat de lectura\" \/>\n\t<meta name=\"twitter:data1\" content=\"10 minuts\" \/>\n<script type=\"application\/ld+json\" class=\"yoast-schema-graph\">{\"@context\":\"https:\/\/schema.org\",\"@graph\":[{\"@type\":\"WebPage\",\"@id\":\"https:\/\/www.viena.es\/ca\/avis-legal\/\",\"url\":\"https:\/\/www.viena.es\/ca\/avis-legal\/\",\"name\":\"Av\u00eds legal - Viena\",\"isPartOf\":{\"@id\":\"https:\/\/www.viena.es\/ca\/#website\"},\"datePublished\":\"2017-01-21T16:34:00+00:00\",\"dateModified\":\"2025-03-10T12:45:22+00:00\",\"breadcrumb\":{\"@id\":\"https:\/\/www.viena.es\/ca\/avis-legal\/#breadcrumb\"},\"inLanguage\":\"ca\",\"potentialAction\":[{\"@type\":\"ReadAction\",\"target\":[\"https:\/\/www.viena.es\/ca\/avis-legal\/\"]}]},{\"@type\":\"BreadcrumbList\",\"@id\":\"https:\/\/www.viena.es\/ca\/avis-legal\/#breadcrumb\",\"itemListElement\":[{\"@type\":\"ListItem\",\"position\":1,\"name\":\"Home\",\"item\":\"https:\/\/www.viena.es\/ca\/\"},{\"@type\":\"ListItem\",\"position\":2,\"name\":\"Av\u00eds legal\"}]},{\"@type\":\"WebSite\",\"@id\":\"https:\/\/www.viena.es\/ca\/#website\",\"url\":\"https:\/\/www.viena.es\/ca\/\",\"name\":\"Viena\",\"description\":\"\",\"publisher\":{\"@id\":\"https:\/\/www.viena.es\/ca\/#organization\"},\"potentialAction\":[{\"@type\":\"SearchAction\",\"target\":{\"@type\":\"EntryPoint\",\"urlTemplate\":\"https:\/\/www.viena.es\/ca\/?s={search_term_string}\"},\"query-input\":{\"@type\":\"PropertyValueSpecification\",\"valueRequired\":true,\"valueName\":\"search_term_string\"}}],\"inLanguage\":\"ca\"},{\"@type\":\"Organization\",\"@id\":\"https:\/\/www.viena.es\/ca\/#organization\",\"name\":\"Viena\",\"url\":\"https:\/\/www.viena.es\/ca\/\",\"logo\":{\"@type\":\"ImageObject\",\"inLanguage\":\"ca\",\"@id\":\"https:\/\/www.viena.es\/ca\/#\/schema\/logo\/image\/\",\"url\":\"https:\/\/www.viena.es\/wp-content\/uploads\/2022\/06\/viena-logo.png\",\"contentUrl\":\"https:\/\/www.viena.es\/wp-content\/uploads\/2022\/06\/viena-logo.png\",\"width\":256,\"height\":52,\"caption\":\"Viena\"},\"image\":{\"@id\":\"https:\/\/www.viena.es\/ca\/#\/schema\/logo\/image\/\"},\"sameAs\":[\"http:\/\/www.facebook.com\/VienaSocVienes\",\"http:\/\/www.instagram.com\/Vienasocvienes\"]}]}<\/script>\n<!-- \/ Yoast SEO plugin. -->","yoast_head_json":{"title":"Av\u00eds legal - Viena","robots":{"index":"index","follow":"follow","max-snippet":"max-snippet:-1","max-image-preview":"max-image-preview:large","max-video-preview":"max-video-preview:-1"},"canonical":"https:\/\/www.viena.es\/ca\/avis-legal\/","og_locale":"ca_ES","og_type":"article","og_title":"Av\u00eds legal - Viena","og_description":"Av\u00eds legal La p\u00e0gina web www.viena.es\/www.viena.cat pertany a ESTABLIMENTS VIENA, S.A., amb NIF A-08874489, inscrita en el Registre Mercantil de Barcelona, Tom 10143, Foli 43, Full N\u00ba B48476, amb domicili social a C\/ de Vinyals, 61 \u2013 08221 Terrassa (BARCELONA) i amb e-mail: viena@viena.es, a efectes de contacte. Aquesta informaci\u00f3 es proporciona en compliment del [&hellip;]","og_url":"https:\/\/www.viena.es\/ca\/avis-legal\/","og_site_name":"Viena","article_publisher":"http:\/\/www.facebook.com\/VienaSocVienes","article_modified_time":"2025-03-10T12:45:22+00:00","twitter_card":"summary_large_image","twitter_misc":{"Temps estimat de lectura":"10 minuts"},"schema":{"@context":"https:\/\/schema.org","@graph":[{"@type":"WebPage","@id":"https:\/\/www.viena.es\/ca\/avis-legal\/","url":"https:\/\/www.viena.es\/ca\/avis-legal\/","name":"Av\u00eds legal - Viena","isPartOf":{"@id":"https:\/\/www.viena.es\/ca\/#website"},"datePublished":"2017-01-21T16:34:00+00:00","dateModified":"2025-03-10T12:45:22+00:00","breadcrumb":{"@id":"https:\/\/www.viena.es\/ca\/avis-legal\/#breadcrumb"},"inLanguage":"ca","potentialAction":[{"@type":"ReadAction","target":["https:\/\/www.viena.es\/ca\/avis-legal\/"]}]},{"@type":"BreadcrumbList","@id":"https:\/\/www.viena.es\/ca\/avis-legal\/#breadcrumb","itemListElement":[{"@type":"ListItem","position":1,"name":"Home","item":"https:\/\/www.viena.es\/ca\/"},{"@type":"ListItem","position":2,"name":"Av\u00eds legal"}]},{"@type":"WebSite","@id":"https:\/\/www.viena.es\/ca\/#website","url":"https:\/\/www.viena.es\/ca\/","name":"Viena","description":"","publisher":{"@id":"https:\/\/www.viena.es\/ca\/#organization"},"potentialAction":[{"@type":"SearchAction","target":{"@type":"EntryPoint","urlTemplate":"https:\/\/www.viena.es\/ca\/?s={search_term_string}"},"query-input":{"@type":"PropertyValueSpecification","valueRequired":true,"valueName":"search_term_string"}}],"inLanguage":"ca"},{"@type":"Organization","@id":"https:\/\/www.viena.es\/ca\/#organization","name":"Viena","url":"https:\/\/www.viena.es\/ca\/","logo":{"@type":"ImageObject","inLanguage":"ca","@id":"https:\/\/www.viena.es\/ca\/#\/schema\/logo\/image\/","url":"https:\/\/www.viena.es\/wp-content\/uploads\/2022\/06\/viena-logo.png","contentUrl":"https:\/\/www.viena.es\/wp-content\/uploads\/2022\/06\/viena-logo.png","width":256,"height":52,"caption":"Viena"},"image":{"@id":"https:\/\/www.viena.es\/ca\/#\/schema\/logo\/image\/"},"sameAs":["http:\/\/www.facebook.com\/VienaSocVienes","http:\/\/www.instagram.com\/Vienasocvienes"]}]}},"_links":{"self":[{"href":"https:\/\/www.viena.es\/ca\/wp-json\/wp\/v2\/pages\/207","targetHints":{"allow":["GET"]}}],"collection":[{"href":"https:\/\/www.viena.es\/ca\/wp-json\/wp\/v2\/pages"}],"about":[{"href":"https:\/\/www.viena.es\/ca\/wp-json\/wp\/v2\/types\/page"}],"author":[{"embeddable":true,"href":"https:\/\/www.viena.es\/ca\/wp-json\/wp\/v2\/users\/1"}],"replies":[{"embeddable":true,"href":"https:\/\/www.viena.es\/ca\/wp-json\/wp\/v2\/comments?post=207"}],"version-history":[{"count":41,"href":"https:\/\/www.viena.es\/ca\/wp-json\/wp\/v2\/pages\/207\/revisions"}],"predecessor-version":[{"id":53431,"href":"https:\/\/www.viena.es\/ca\/wp-json\/wp\/v2\/pages\/207\/revisions\/53431"}],"wp:attachment":[{"href":"https:\/\/www.viena.es\/ca\/wp-json\/wp\/v2\/media?parent=207"}],"curies":[{"name":"wp","href":"https:\/\/api.w.org\/{rel}","templated":true}]}}